{"id":168,"date":"2023-12-06T17:41:07","date_gmt":"2023-12-06T17:41:07","guid":{"rendered":"https:\/\/senioren-netzwerk.ch\/?page_id=168"},"modified":"2023-12-06T19:33:44","modified_gmt":"2023-12-06T19:33:44","slug":"datenschutzerklaerung","status":"publish","type":"page","link":"https:\/\/senioren-netzwerk.ch\/index.php\/datenschutzerklaerung\/","title":{"rendered":"Datenschutzerkl\u00e4rung"},"content":{"rendered":"<h5>Datenschutzerkl\u00e4rung<\/h5>\n<p><strong>1. Allgemeiner Hinweis<\/strong><br \/>\nGest\u00fctzt auf Artikel 13 der schweizerischen Bundesverfassung und die datenschutzrechtlichen Bestimmungen des Bundes (revidiertes Datenschutzgesetz, rDSG) hat jede Person Anspruch auf Schutz ihrer Privatsph\u00e4re sowie auf Schutz vor Missbrauch ihrer pers\u00f6nlichen Daten.<br \/>\nDas Senioren NetzWERK sch\u00fctzt Ihre pers\u00f6nlichen Daten. Sie behandelt sie vertraulich und entsprechend den gesetzlichen Datenschutzvorschriften sowie der vorliegenden Datenschutzerkl\u00e4rung. Das Senioren NetzWERK steht daf\u00fcr ein, dass Ihre pers\u00f6nlichen Daten nicht an Dritte verkauft noch weitergegeben werden.<br \/>\nIn Zusammenarbeit mit unserem Hosting-Provider der Webseite www.senioren-netzwerk.ch bem\u00fchen wir uns, die Datenbanken so gut wie m\u00f6glich vor fremden Zugriffen, Verlusten, Missbrauch oder vor F\u00e4lschung zu sch\u00fctzen.<br \/>\nWir weisen darauf hin, dass die Daten\u00fcbertragung im Internet grunds\u00e4tzlich Sicherheitsl\u00fccken aufweisen kann. Ein l\u00fcckenloser Schutz der Daten vor dem Zugriff durch Dritte ist daher nicht m\u00f6glich. Allerdings setzen wir alles daran, unsere Webseite stets auf aktuellem Sicherheitsstand zu halten und nur das n\u00f6tige Minimum an Daten zu sammeln. Wir bitten unsere Kunden, ihrerseits die n\u00f6tige Vorsicht walten zu lassen.<br \/>\nDurch die Nutzung der Webseite www.senioren-netzwerk.ch erkl\u00e4ren Sie sich mit der Erhebung, Verarbeitung und Nutzung von Daten gem\u00e4ss der nachfolgenden Beschreibung einverstanden.<\/p>\n<p><strong>2. Webseiten<\/strong><br \/>\nDie Webseite www.senioren-netzwerk.ch nutzt f\u00fcr die Sicherheit bei der \u00dcbertragung vertraulicher Inhalte eine SSL-Verschl\u00fcsselung (erkennbar an der URL: https:\/&#8230;). Wenn die SSL-Verschl\u00fcsselung aktiv ist, k\u00f6nnen Ihre Daten nicht von Dritten eingesehen werden.<br \/>\nBeim Zugriff auf unsere Webseiten werden folgende Daten in Logfiles gespeichert:<br \/>\nIP-Adresse, Datum, Uhrzeit, Browser-Anfrage und allgemeine \u00fcbertragene Informationen zum Betriebssystem resp. Browser. Die Webseite kann grunds\u00e4tzlich ohne Registrierung besucht werden.<br \/>\nDiese Daten dienen lediglich statistischen Auswertungen und zur Verbesserung der Webseite. Der Datenschutz gilt nur f\u00fcr Personendaten, nicht aber f\u00fcr Daten von Firmen und Organisationen.<\/p>\n<p><strong>3. Anmeldungen<\/strong><br \/>\nAnmeldungen zu Veranstaltungen \u00fcber www.senioren-netzwerk.ch werden vom Senioren NetzWERK verwaltet. Die erhobenen Teilnehmerdaten gem\u00e4ss Webformular werden an das Administrationssystem des Senioren NetzWERK geleitet und nicht beim Hosting-Provider der Webseite gespeichert. Das Administrationssystem speichert zu jedem Teilnehmenden die Informationen gem\u00e4ss Webformular. Diese Daten werden f\u00fcr den Versand von Informationen zum gebuchten Kurs, f\u00fcr die Rechnungsstellung und den Newsletter verwendet.<\/p>\n<p><strong>4. Kontaktformular und Newsletter<\/strong><br \/>\nWenn Sie sich f\u00fcr den Newsletter oder als Mitglied anmelden, sammeln wir die Daten, die im Formular angezeigt werden, ausserdem die IP-Adresse des Besuchers und den User-Agent-String (damit wird der Browser identifiziert), um den Spam-Filter zu unterst\u00fctzen. Ebenfalls werden Datum und Zeit der Registrierung gespeichert.<\/p>\n<p><strong>5. Recht auf Auskunft, L\u00f6schung, Sperrung<\/strong><br \/>\nSie haben das Recht auf Auskunft \u00fcber die \u00fcber Sie gespeicherten personenbezogenen Daten, deren Herkunft und Empf\u00e4nger und den Zweck der Datenverarbeitung sowie ein Recht auf Berichtigung oder L\u00f6schung dieser Daten. Zu Fragen \u00fcber personenbezogene Daten wenden Sie sich an die im Impressum angegebene Adresse.<\/p>\n<p><strong>6. Urheberrechte<\/strong><br \/>\nDie Urheber- und alle anderen Rechte an Inhalten, Bildern, Fotos oder anderen Dateien auf der Website www.senioren-netzwerk.ch geh\u00f6ren ausschliesslich dem Betreiber dieser Website oder den speziell genannten Rechteinhabern. F\u00fcr die Reproduktion von s\u00e4mtlichen Dateien aus dieser Website ist die Angabe der Quelle (www.senioren-netzwerk.ch oder im Filenamen enthaltene Quelle) erforderlich. Ohne Quellenangabe ist die Publikation unstatthaft.<\/p>\n<p><strong>7. Allgemeiner Haftungsausschluss<\/strong><br \/>\nAlle Angaben unseres Internetangebotes wurden sorgf\u00e4ltig gepr\u00fcft. Wir bem\u00fchen uns, unser Informationsangebot aktuell, inhaltlich richtig und vollst\u00e4ndig anzubieten. Trotzdem kann das Auftreten von Fehlern nicht v\u00f6llig ausgeschlossen werden, womit wir keine Garantie f\u00fcr Vollst\u00e4ndigkeit, Richtigkeit und Aktualit\u00e4t von Informationen auch journalistisch-redaktioneller Art \u00fcbernehmen k\u00f6nnen. Der Herausgeber kann nach eigenem Ermessen und ohne Ank\u00fcndigung Texte ver\u00e4ndern oder l\u00f6schen und ist nicht verpflichtet, Inhalte dieser Website zu aktualisieren. Haftungsanspr\u00fcche aus Sch\u00e4den materieller oder ideeller Art, die durch die Nutzung der angebotenen Informationen verursacht wurden, sind ausgeschlossen, sofern kein nachweislich vors\u00e4tzliches oder grob fahrl\u00e4ssiges Verschulden unsererseits vorliegt.<br \/>\nDer Herausgeber \u00fcbernimmt ebenfalls keine Verantwortung und Haftung f\u00fcr die Inhalte und die Verf\u00fcgbarkeit von Webseiten Dritter, die \u00fcber externe Links dieser Webseite erreichbar sind. F\u00fcr den Inhalt der verlinkten Seiten sind ausschliesslich deren Betreiber verantwortlich. Der Herausgeber distanziert sich damit ausdr\u00fccklich von allen Inhalten Dritter, die m\u00f6glicherweise straf- oder haftungsrechtlich relevant sind oder gegen die guten Sitten verstossen.<\/p>\n<p><strong>8. \u00c4nderung der Datenschutzerkl\u00e4rung<\/strong><br \/>\nDas Senioren NetzWERK kann die Datenschutzerkl\u00e4rung jederzeit ohne Vorank\u00fcndigung anpassen. Es gilt jeweils die aktuelle, auf www.senioren-netzwerk.ch publizierte Fassung.<br \/>\nSenioren NetzWERK<br \/>\n6442 Gersau<br \/>\nmail@senioren-netzwerk.ch<\/p>\n<p><strong>9. Fragen zum Datenschutz<\/strong><br \/>\nWenn Sie Fragen zum Datenschutz haben, nehmen Sie bitte per E-Mail an mail@senioren-netzwerk.ch Kontakt auf.<\/p>\n<p>Gersau, 6. Dezember 2023<\/p>\n","protected":false},"excerpt":{"rendered":"<p>Datenschutzerkl\u00e4rung 1. Allgemeiner Hinweis Gest\u00fctzt auf Artikel 13 der schweizerischen Bundesverfassung und die datenschutzrechtlichen Bestimmungen des Bundes (revidiertes Datenschutzgesetz, rDSG) hat jede Person Anspruch auf Schutz ihrer Privatsph\u00e4re sowie auf Schutz vor Missbrauch ihrer pers\u00f6nlichen Daten. Das Senioren NetzWERK sch\u00fctzt Ihre pers\u00f6nlichen Daten. Sie behandelt sie vertraulich und entsprechend den gesetzlichen Datenschutzvorschriften sowie der vorliegenden [&hellip;]<\/p>\n","protected":false},"author":1,"featured_media":0,"parent":0,"menu_order":0,"comment_status":"closed","ping_status":"closed","template":"page-no-separators","meta":{"_monsterinsights_skip_tracking":false,"_monsterinsights_sitenote_active":false,"_monsterinsights_sitenote_note":"","_monsterinsights_sitenote_category":0,"footnotes":""},"class_list":["post-168","page","type-page","status-publish","hentry"],"yoast_head":"<!-- This site is optimized with the Yoast SEO plugin v27.3 - https:\/\/yoast.com\/product\/yoast-seo-wordpress\/ -->\n<title>Datenschutzerkl\u00e4rung - Senioren NetzWERK<\/title>\n<meta name=\"robots\" content=\"index, follow, max-snippet:-1, max-image-preview:large, max-video-preview:-1\" \/>\n<link rel=\"canonical\" href=\"https:\/\/senioren-netzwerk.ch\/index.php\/datenschutzerklaerung\/\" \/>\n<meta property=\"og:locale\" content=\"de_DE\" \/>\n<meta property=\"og:type\" content=\"article\" \/>\n<meta property=\"og:title\" content=\"Datenschutzerkl\u00e4rung - Senioren NetzWERK\" \/>\n<meta property=\"og:description\" content=\"Datenschutzerkl\u00e4rung 1. Allgemeiner Hinweis Gest\u00fctzt auf Artikel 13 der schweizerischen Bundesverfassung und die datenschutzrechtlichen Bestimmungen des Bundes (revidiertes Datenschutzgesetz, rDSG) hat jede Person Anspruch auf Schutz ihrer Privatsph\u00e4re sowie auf Schutz vor Missbrauch ihrer pers\u00f6nlichen Daten. Das Senioren NetzWERK sch\u00fctzt Ihre pers\u00f6nlichen Daten. Sie behandelt sie vertraulich und entsprechend den gesetzlichen Datenschutzvorschriften sowie der vorliegenden [&hellip;]\" \/>\n<meta property=\"og:url\" content=\"https:\/\/senioren-netzwerk.ch\/index.php\/datenschutzerklaerung\/\" \/>\n<meta property=\"og:site_name\" content=\"Senioren NetzWERK\" \/>\n<meta property=\"article:modified_time\" content=\"2023-12-06T19:33:44+00:00\" \/>\n<meta name=\"twitter:card\" content=\"summary_large_image\" \/>\n<meta name=\"twitter:label1\" content=\"Gesch\u00e4tzte Lesezeit\" \/>\n\t<meta name=\"twitter:data1\" content=\"4\u00a0Minuten\" \/>\n<script type=\"application\/ld+json\" class=\"yoast-schema-graph\">{\"@context\":\"https:\\\/\\\/schema.org\",\"@graph\":[{\"@type\":\"WebPage\",\"@id\":\"https:\\\/\\\/senioren-netzwerk.ch\\\/index.php\\\/datenschutzerklaerung\\\/\",\"url\":\"https:\\\/\\\/senioren-netzwerk.ch\\\/index.php\\\/datenschutzerklaerung\\\/\",\"name\":\"Datenschutzerkl\u00e4rung - Senioren NetzWERK\",\"isPartOf\":{\"@id\":\"https:\\\/\\\/senioren-netzwerk.ch\\\/#website\"},\"datePublished\":\"2023-12-06T17:41:07+00:00\",\"dateModified\":\"2023-12-06T19:33:44+00:00\",\"breadcrumb\":{\"@id\":\"https:\\\/\\\/senioren-netzwerk.ch\\\/index.php\\\/datenschutzerklaerung\\\/#breadcrumb\"},\"inLanguage\":\"de\",\"potentialAction\":[{\"@type\":\"ReadAction\",\"target\":[\"https:\\\/\\\/senioren-netzwerk.ch\\\/index.php\\\/datenschutzerklaerung\\\/\"]}]},{\"@type\":\"BreadcrumbList\",\"@id\":\"https:\\\/\\\/senioren-netzwerk.ch\\\/index.php\\\/datenschutzerklaerung\\\/#breadcrumb\",\"itemListElement\":[{\"@type\":\"ListItem\",\"position\":1,\"name\":\"Startseite\",\"item\":\"https:\\\/\\\/senioren-netzwerk.ch\\\/\"},{\"@type\":\"ListItem\",\"position\":2,\"name\":\"Datenschutzerkl\u00e4rung\"}]},{\"@type\":\"WebSite\",\"@id\":\"https:\\\/\\\/senioren-netzwerk.ch\\\/#website\",\"url\":\"https:\\\/\\\/senioren-netzwerk.ch\\\/\",\"name\":\"Senioren NetzWERK\",\"description\":\"\",\"publisher\":{\"@id\":\"https:\\\/\\\/senioren-netzwerk.ch\\\/#organization\"},\"potentialAction\":[{\"@type\":\"SearchAction\",\"target\":{\"@type\":\"EntryPoint\",\"urlTemplate\":\"https:\\\/\\\/senioren-netzwerk.ch\\\/?s={search_term_string}\"},\"query-input\":{\"@type\":\"PropertyValueSpecification\",\"valueRequired\":true,\"valueName\":\"search_term_string\"}}],\"inLanguage\":\"de\"},{\"@type\":\"Organization\",\"@id\":\"https:\\\/\\\/senioren-netzwerk.ch\\\/#organization\",\"name\":\"Senioren NetzWERK\",\"url\":\"https:\\\/\\\/senioren-netzwerk.ch\\\/\",\"logo\":{\"@type\":\"ImageObject\",\"inLanguage\":\"de\",\"@id\":\"https:\\\/\\\/senioren-netzwerk.ch\\\/#\\\/schema\\\/logo\\\/image\\\/\",\"url\":\"https:\\\/\\\/senioren-netzwerk.ch\\\/wp-content\\\/uploads\\\/2023\\\/10\\\/cropped-Senioren-NetzWERK-Gersau-Logo.jpg\",\"contentUrl\":\"https:\\\/\\\/senioren-netzwerk.ch\\\/wp-content\\\/uploads\\\/2023\\\/10\\\/cropped-Senioren-NetzWERK-Gersau-Logo.jpg\",\"width\":1292,\"height\":677,\"caption\":\"Senioren NetzWERK\"},\"image\":{\"@id\":\"https:\\\/\\\/senioren-netzwerk.ch\\\/#\\\/schema\\\/logo\\\/image\\\/\"}}]}<\/script>\n<!-- \/ Yoast SEO plugin. -->","yoast_head_json":{"title":"Datenschutzerkl\u00e4rung - Senioren NetzWERK","robots":{"index":"index","follow":"follow","max-snippet":"max-snippet:-1","max-image-preview":"max-image-preview:large","max-video-preview":"max-video-preview:-1"},"canonical":"https:\/\/senioren-netzwerk.ch\/index.php\/datenschutzerklaerung\/","og_locale":"de_DE","og_type":"article","og_title":"Datenschutzerkl\u00e4rung - Senioren NetzWERK","og_description":"Datenschutzerkl\u00e4rung 1. Allgemeiner Hinweis Gest\u00fctzt auf Artikel 13 der schweizerischen Bundesverfassung und die datenschutzrechtlichen Bestimmungen des Bundes (revidiertes Datenschutzgesetz, rDSG) hat jede Person Anspruch auf Schutz ihrer Privatsph\u00e4re sowie auf Schutz vor Missbrauch ihrer pers\u00f6nlichen Daten. Das Senioren NetzWERK sch\u00fctzt Ihre pers\u00f6nlichen Daten. Sie behandelt sie vertraulich und entsprechend den gesetzlichen Datenschutzvorschriften sowie der vorliegenden [&hellip;]","og_url":"https:\/\/senioren-netzwerk.ch\/index.php\/datenschutzerklaerung\/","og_site_name":"Senioren NetzWERK","article_modified_time":"2023-12-06T19:33:44+00:00","twitter_card":"summary_large_image","twitter_misc":{"Gesch\u00e4tzte Lesezeit":"4\u00a0Minuten"},"schema":{"@context":"https:\/\/schema.org","@graph":[{"@type":"WebPage","@id":"https:\/\/senioren-netzwerk.ch\/index.php\/datenschutzerklaerung\/","url":"https:\/\/senioren-netzwerk.ch\/index.php\/datenschutzerklaerung\/","name":"Datenschutzerkl\u00e4rung - Senioren NetzWERK","isPartOf":{"@id":"https:\/\/senioren-netzwerk.ch\/#website"},"datePublished":"2023-12-06T17:41:07+00:00","dateModified":"2023-12-06T19:33:44+00:00","breadcrumb":{"@id":"https:\/\/senioren-netzwerk.ch\/index.php\/datenschutzerklaerung\/#breadcrumb"},"inLanguage":"de","potentialAction":[{"@type":"ReadAction","target":["https:\/\/senioren-netzwerk.ch\/index.php\/datenschutzerklaerung\/"]}]},{"@type":"BreadcrumbList","@id":"https:\/\/senioren-netzwerk.ch\/index.php\/datenschutzerklaerung\/#breadcrumb","itemListElement":[{"@type":"ListItem","position":1,"name":"Startseite","item":"https:\/\/senioren-netzwerk.ch\/"},{"@type":"ListItem","position":2,"name":"Datenschutzerkl\u00e4rung"}]},{"@type":"WebSite","@id":"https:\/\/senioren-netzwerk.ch\/#website","url":"https:\/\/senioren-netzwerk.ch\/","name":"Senioren NetzWERK","description":"","publisher":{"@id":"https:\/\/senioren-netzwerk.ch\/#organization"},"potentialAction":[{"@type":"SearchAction","target":{"@type":"EntryPoint","urlTemplate":"https:\/\/senioren-netzwerk.ch\/?s={search_term_string}"},"query-input":{"@type":"PropertyValueSpecification","valueRequired":true,"valueName":"search_term_string"}}],"inLanguage":"de"},{"@type":"Organization","@id":"https:\/\/senioren-netzwerk.ch\/#organization","name":"Senioren NetzWERK","url":"https:\/\/senioren-netzwerk.ch\/","logo":{"@type":"ImageObject","inLanguage":"de","@id":"https:\/\/senioren-netzwerk.ch\/#\/schema\/logo\/image\/","url":"https:\/\/senioren-netzwerk.ch\/wp-content\/uploads\/2023\/10\/cropped-Senioren-NetzWERK-Gersau-Logo.jpg","contentUrl":"https:\/\/senioren-netzwerk.ch\/wp-content\/uploads\/2023\/10\/cropped-Senioren-NetzWERK-Gersau-Logo.jpg","width":1292,"height":677,"caption":"Senioren NetzWERK"},"image":{"@id":"https:\/\/senioren-netzwerk.ch\/#\/schema\/logo\/image\/"}}]}},"jetpack_sharing_enabled":true,"_links":{"self":[{"href":"https:\/\/senioren-netzwerk.ch\/index.php\/wp-json\/wp\/v2\/pages\/168","targetHints":{"allow":["GET"]}}],"collection":[{"href":"https:\/\/senioren-netzwerk.ch\/index.php\/wp-json\/wp\/v2\/pages"}],"about":[{"href":"https:\/\/senioren-netzwerk.ch\/index.php\/wp-json\/wp\/v2\/types\/page"}],"author":[{"embeddable":true,"href":"https:\/\/senioren-netzwerk.ch\/index.php\/wp-json\/wp\/v2\/users\/1"}],"replies":[{"embeddable":true,"href":"https:\/\/senioren-netzwerk.ch\/index.php\/wp-json\/wp\/v2\/comments?post=168"}],"version-history":[{"count":9,"href":"https:\/\/senioren-netzwerk.ch\/index.php\/wp-json\/wp\/v2\/pages\/168\/revisions"}],"predecessor-version":[{"id":184,"href":"https:\/\/senioren-netzwerk.ch\/index.php\/wp-json\/wp\/v2\/pages\/168\/revisions\/184"}],"wp:attachment":[{"href":"https:\/\/senioren-netzwerk.ch\/index.php\/wp-json\/wp\/v2\/media?parent=168"}],"curies":[{"name":"wp","href":"https:\/\/api.w.org\/{rel}","templated":true}]}}