{"id":501,"date":"2024-10-26T16:15:15","date_gmt":"2024-10-26T14:15:15","guid":{"rendered":"https:\/\/senioren-netzwerk.ch\/?page_id=501"},"modified":"2024-10-26T17:40:53","modified_gmt":"2024-10-26T15:40:53","slug":"handwerk-hilfe","status":"publish","type":"page","link":"https:\/\/senioren-netzwerk.ch\/index.php\/handwerk-hilfe\/","title":{"rendered":"Handwerk Hilfe"},"content":{"rendered":"<div class=\"entry-content wp-block-post-content is-layout-constrained wp-block-post-content-is-layout-constrained\">\n<p>Die folgenden Themen sind oft eine ziemliche Herausforderung f\u00fcr uns Seniorinnen und Senioren. Wir \u2013 das Senioren NetzWERK Gersau \u2013 k\u00f6nnen Hilfe anbieten.<strong><br \/>\n<\/strong><\/p>\n<p><strong>Handwerkliche Unterst\u00fctzung\u00a0 <\/strong><\/p>\n<\/div>\n<p><strong>Kleine Reparaturen<\/strong><\/p>\n<p><strong>Bilder aufh\u00e4ngen\u2026 etc.<\/strong><\/p>\n<p><strong>Entsorgungsarbeiten\u2026<\/strong><\/p>\n<div class=\"entry-content wp-block-post-content is-layout-constrained wp-block-post-content-is-layout-constrained\">\n<p>Wenn Sie bei diesen Themen unsicher sind oder Probleme haben, melden Sie sich bitte <strong><a href=\"https:\/\/senioren-netzwerk.ch\/index.php\/handwerk-hilfe-anmeldung\/\" target=\"_blank\" rel=\"noopener\">HIER<\/a><\/strong>. Wir werden mit Ihnen Kontakt aufnehmen, um zu diskutieren, wie Ihnen durch ein Mitglied des Senioren NetzWERKs geholfen werden kann. Ein Treffen kann dann gegebenenfalls mit Ihnen \u2013 auch zu Hause \u2013 organisiert werden.<\/p>\n<p><strong><a href=\"https:\/\/senioren-netzwerk.ch\/index.php\/handwerk-hilfe-anmeldung\/\" target=\"_blank\" rel=\"noopener\">Anmelden f\u00fcr Hilfe<\/a><\/strong><\/p>\n<\/div>\n<div class=\"wp-block-group is-layout-constrained wp-block-group-is-layout-constrained\"><\/div>\n<p>&nbsp;<\/p>\n","protected":false},"excerpt":{"rendered":"<p>Die folgenden Themen sind oft eine ziemliche Herausforderung f\u00fcr uns Seniorinnen und Senioren. Wir \u2013 das Senioren NetzWERK Gersau \u2013 k\u00f6nnen Hilfe anbieten. Handwerkliche Unterst\u00fctzung\u00a0 Kleine Reparaturen Bilder aufh\u00e4ngen\u2026 etc. Entsorgungsarbeiten\u2026 Wenn Sie bei diesen Themen unsicher sind oder Probleme haben, melden Sie sich bitte HIER. Wir werden mit Ihnen Kontakt aufnehmen, um zu diskutieren, [&hellip;]<\/p>\n","protected":false},"author":1,"featured_media":481,"parent":0,"menu_order":0,"comment_status":"closed","ping_status":"closed","template":"page-no-separators","meta":{"_monsterinsights_skip_tracking":false,"_monsterinsights_sitenote_active":false,"_monsterinsights_sitenote_note":"","_monsterinsights_sitenote_category":0,"footnotes":""},"class_list":["post-501","page","type-page","status-publish","has-post-thumbnail","hentry"],"yoast_head":"<!-- This site is optimized with the Yoast SEO plugin v27.3 - https:\/\/yoast.com\/product\/yoast-seo-wordpress\/ -->\n<title>Handwerk Hilfe - Senioren NetzWERK<\/title>\n<meta name=\"description\" content=\"Entdecken Sie Handwerks-Hilfe von Senioren f\u00fcr Senioren. Erfahrene Handarbeiter teilen ihr Wissen bei Reparaturen, Entsorgung im Garten und mehr. F\u00f6rdern Sie Kreativit\u00e4t, Motorik und soziale Kontakte. Gemeinsam aktiv bleiben und Neues lernen - von Gleichgesinnten f\u00fcr Gleichgesinnte\" \/>\n<meta name=\"robots\" content=\"index, follow, max-snippet:-1, max-image-preview:large, max-video-preview:-1\" \/>\n<link rel=\"canonical\" href=\"https:\/\/senioren-netzwerk.ch\/index.php\/handwerk-hilfe\/\" \/>\n<meta property=\"og:locale\" content=\"de_DE\" \/>\n<meta property=\"og:type\" content=\"article\" \/>\n<meta property=\"og:title\" content=\"Handwerk Hilfe - Senioren NetzWERK\" \/>\n<meta property=\"og:description\" content=\"Entdecken Sie Handwerks-Hilfe von Senioren f\u00fcr Senioren. Erfahrene Handarbeiter teilen ihr Wissen bei Reparaturen, Entsorgung im Garten und mehr. F\u00f6rdern Sie Kreativit\u00e4t, Motorik und soziale Kontakte. Gemeinsam aktiv bleiben und Neues lernen - von Gleichgesinnten f\u00fcr Gleichgesinnte\" \/>\n<meta property=\"og:url\" content=\"https:\/\/senioren-netzwerk.ch\/index.php\/handwerk-hilfe\/\" \/>\n<meta property=\"og:site_name\" content=\"Senioren NetzWERK\" \/>\n<meta property=\"article:modified_time\" content=\"2024-10-26T15:40:53+00:00\" \/>\n<meta property=\"og:image\" content=\"https:\/\/senioren-netzwerk.ch\/wp-content\/uploads\/2024\/10\/Arbeits-Hilfre-mit-Text.jpg\" \/>\n\t<meta property=\"og:image:width\" content=\"1629\" \/>\n\t<meta property=\"og:image:height\" content=\"318\" \/>\n\t<meta property=\"og:image:type\" content=\"image\/jpeg\" \/>\n<meta name=\"twitter:card\" content=\"summary_large_image\" \/>\n<meta name=\"twitter:label1\" content=\"Gesch\u00e4tzte Lesezeit\" \/>\n\t<meta name=\"twitter:data1\" content=\"1\u00a0Minute\" \/>\n<script type=\"application\/ld+json\" class=\"yoast-schema-graph\">{\"@context\":\"https:\\\/\\\/schema.org\",\"@graph\":[{\"@type\":\"WebPage\",\"@id\":\"https:\\\/\\\/senioren-netzwerk.ch\\\/index.php\\\/handwerk-hilfe\\\/\",\"url\":\"https:\\\/\\\/senioren-netzwerk.ch\\\/index.php\\\/handwerk-hilfe\\\/\",\"name\":\"Handwerk Hilfe - Senioren NetzWERK\",\"isPartOf\":{\"@id\":\"https:\\\/\\\/senioren-netzwerk.ch\\\/#website\"},\"primaryImageOfPage\":{\"@id\":\"https:\\\/\\\/senioren-netzwerk.ch\\\/index.php\\\/handwerk-hilfe\\\/#primaryimage\"},\"image\":{\"@id\":\"https:\\\/\\\/senioren-netzwerk.ch\\\/index.php\\\/handwerk-hilfe\\\/#primaryimage\"},\"thumbnailUrl\":\"https:\\\/\\\/senioren-netzwerk.ch\\\/wp-content\\\/uploads\\\/2024\\\/10\\\/Arbeits-Hilfre-mit-Text.jpg\",\"datePublished\":\"2024-10-26T14:15:15+00:00\",\"dateModified\":\"2024-10-26T15:40:53+00:00\",\"description\":\"Entdecken Sie Handwerks-Hilfe von Senioren f\u00fcr Senioren. Erfahrene Handarbeiter teilen ihr Wissen bei Reparaturen, Entsorgung im Garten und mehr. F\u00f6rdern Sie Kreativit\u00e4t, Motorik und soziale Kontakte. Gemeinsam aktiv bleiben und Neues lernen - von Gleichgesinnten f\u00fcr Gleichgesinnte\",\"breadcrumb\":{\"@id\":\"https:\\\/\\\/senioren-netzwerk.ch\\\/index.php\\\/handwerk-hilfe\\\/#breadcrumb\"},\"inLanguage\":\"de\",\"potentialAction\":[{\"@type\":\"ReadAction\",\"target\":[\"https:\\\/\\\/senioren-netzwerk.ch\\\/index.php\\\/handwerk-hilfe\\\/\"]}]},{\"@type\":\"ImageObject\",\"inLanguage\":\"de\",\"@id\":\"https:\\\/\\\/senioren-netzwerk.ch\\\/index.php\\\/handwerk-hilfe\\\/#primaryimage\",\"url\":\"https:\\\/\\\/senioren-netzwerk.ch\\\/wp-content\\\/uploads\\\/2024\\\/10\\\/Arbeits-Hilfre-mit-Text.jpg\",\"contentUrl\":\"https:\\\/\\\/senioren-netzwerk.ch\\\/wp-content\\\/uploads\\\/2024\\\/10\\\/Arbeits-Hilfre-mit-Text.jpg\",\"width\":1629,\"height\":318},{\"@type\":\"BreadcrumbList\",\"@id\":\"https:\\\/\\\/senioren-netzwerk.ch\\\/index.php\\\/handwerk-hilfe\\\/#breadcrumb\",\"itemListElement\":[{\"@type\":\"ListItem\",\"position\":1,\"name\":\"Startseite\",\"item\":\"https:\\\/\\\/senioren-netzwerk.ch\\\/\"},{\"@type\":\"ListItem\",\"position\":2,\"name\":\"Handwerk Hilfe\"}]},{\"@type\":\"WebSite\",\"@id\":\"https:\\\/\\\/senioren-netzwerk.ch\\\/#website\",\"url\":\"https:\\\/\\\/senioren-netzwerk.ch\\\/\",\"name\":\"Senioren NetzWERK\",\"description\":\"\",\"publisher\":{\"@id\":\"https:\\\/\\\/senioren-netzwerk.ch\\\/#organization\"},\"potentialAction\":[{\"@type\":\"SearchAction\",\"target\":{\"@type\":\"EntryPoint\",\"urlTemplate\":\"https:\\\/\\\/senioren-netzwerk.ch\\\/?s={search_term_string}\"},\"query-input\":{\"@type\":\"PropertyValueSpecification\",\"valueRequired\":true,\"valueName\":\"search_term_string\"}}],\"inLanguage\":\"de\"},{\"@type\":\"Organization\",\"@id\":\"https:\\\/\\\/senioren-netzwerk.ch\\\/#organization\",\"name\":\"Senioren NetzWERK\",\"url\":\"https:\\\/\\\/senioren-netzwerk.ch\\\/\",\"logo\":{\"@type\":\"ImageObject\",\"inLanguage\":\"de\",\"@id\":\"https:\\\/\\\/senioren-netzwerk.ch\\\/#\\\/schema\\\/logo\\\/image\\\/\",\"url\":\"https:\\\/\\\/senioren-netzwerk.ch\\\/wp-content\\\/uploads\\\/2023\\\/10\\\/cropped-Senioren-NetzWERK-Gersau-Logo.jpg\",\"contentUrl\":\"https:\\\/\\\/senioren-netzwerk.ch\\\/wp-content\\\/uploads\\\/2023\\\/10\\\/cropped-Senioren-NetzWERK-Gersau-Logo.jpg\",\"width\":1292,\"height\":677,\"caption\":\"Senioren NetzWERK\"},\"image\":{\"@id\":\"https:\\\/\\\/senioren-netzwerk.ch\\\/#\\\/schema\\\/logo\\\/image\\\/\"}}]}<\/script>\n<!-- \/ Yoast SEO plugin. -->","yoast_head_json":{"title":"Handwerk Hilfe - Senioren NetzWERK","description":"Entdecken Sie Handwerks-Hilfe von Senioren f\u00fcr Senioren. Erfahrene Handarbeiter teilen ihr Wissen bei Reparaturen, Entsorgung im Garten und mehr. F\u00f6rdern Sie Kreativit\u00e4t, Motorik und soziale Kontakte. Gemeinsam aktiv bleiben und Neues lernen - von Gleichgesinnten f\u00fcr Gleichgesinnte","robots":{"index":"index","follow":"follow","max-snippet":"max-snippet:-1","max-image-preview":"max-image-preview:large","max-video-preview":"max-video-preview:-1"},"canonical":"https:\/\/senioren-netzwerk.ch\/index.php\/handwerk-hilfe\/","og_locale":"de_DE","og_type":"article","og_title":"Handwerk Hilfe - Senioren NetzWERK","og_description":"Entdecken Sie Handwerks-Hilfe von Senioren f\u00fcr Senioren. Erfahrene Handarbeiter teilen ihr Wissen bei Reparaturen, Entsorgung im Garten und mehr. F\u00f6rdern Sie Kreativit\u00e4t, Motorik und soziale Kontakte. Gemeinsam aktiv bleiben und Neues lernen - von Gleichgesinnten f\u00fcr Gleichgesinnte","og_url":"https:\/\/senioren-netzwerk.ch\/index.php\/handwerk-hilfe\/","og_site_name":"Senioren NetzWERK","article_modified_time":"2024-10-26T15:40:53+00:00","og_image":[{"width":1629,"height":318,"url":"https:\/\/senioren-netzwerk.ch\/wp-content\/uploads\/2024\/10\/Arbeits-Hilfre-mit-Text.jpg","type":"image\/jpeg"}],"twitter_card":"summary_large_image","twitter_misc":{"Gesch\u00e4tzte Lesezeit":"1\u00a0Minute"},"schema":{"@context":"https:\/\/schema.org","@graph":[{"@type":"WebPage","@id":"https:\/\/senioren-netzwerk.ch\/index.php\/handwerk-hilfe\/","url":"https:\/\/senioren-netzwerk.ch\/index.php\/handwerk-hilfe\/","name":"Handwerk Hilfe - Senioren NetzWERK","isPartOf":{"@id":"https:\/\/senioren-netzwerk.ch\/#website"},"primaryImageOfPage":{"@id":"https:\/\/senioren-netzwerk.ch\/index.php\/handwerk-hilfe\/#primaryimage"},"image":{"@id":"https:\/\/senioren-netzwerk.ch\/index.php\/handwerk-hilfe\/#primaryimage"},"thumbnailUrl":"https:\/\/senioren-netzwerk.ch\/wp-content\/uploads\/2024\/10\/Arbeits-Hilfre-mit-Text.jpg","datePublished":"2024-10-26T14:15:15+00:00","dateModified":"2024-10-26T15:40:53+00:00","description":"Entdecken Sie Handwerks-Hilfe von Senioren f\u00fcr Senioren. Erfahrene Handarbeiter teilen ihr Wissen bei Reparaturen, Entsorgung im Garten und mehr. F\u00f6rdern Sie Kreativit\u00e4t, Motorik und soziale Kontakte. Gemeinsam aktiv bleiben und Neues lernen - von Gleichgesinnten f\u00fcr Gleichgesinnte","breadcrumb":{"@id":"https:\/\/senioren-netzwerk.ch\/index.php\/handwerk-hilfe\/#breadcrumb"},"inLanguage":"de","potentialAction":[{"@type":"ReadAction","target":["https:\/\/senioren-netzwerk.ch\/index.php\/handwerk-hilfe\/"]}]},{"@type":"ImageObject","inLanguage":"de","@id":"https:\/\/senioren-netzwerk.ch\/index.php\/handwerk-hilfe\/#primaryimage","url":"https:\/\/senioren-netzwerk.ch\/wp-content\/uploads\/2024\/10\/Arbeits-Hilfre-mit-Text.jpg","contentUrl":"https:\/\/senioren-netzwerk.ch\/wp-content\/uploads\/2024\/10\/Arbeits-Hilfre-mit-Text.jpg","width":1629,"height":318},{"@type":"BreadcrumbList","@id":"https:\/\/senioren-netzwerk.ch\/index.php\/handwerk-hilfe\/#breadcrumb","itemListElement":[{"@type":"ListItem","position":1,"name":"Startseite","item":"https:\/\/senioren-netzwerk.ch\/"},{"@type":"ListItem","position":2,"name":"Handwerk Hilfe"}]},{"@type":"WebSite","@id":"https:\/\/senioren-netzwerk.ch\/#website","url":"https:\/\/senioren-netzwerk.ch\/","name":"Senioren NetzWERK","description":"","publisher":{"@id":"https:\/\/senioren-netzwerk.ch\/#organization"},"potentialAction":[{"@type":"SearchAction","target":{"@type":"EntryPoint","urlTemplate":"https:\/\/senioren-netzwerk.ch\/?s={search_term_string}"},"query-input":{"@type":"PropertyValueSpecification","valueRequired":true,"valueName":"search_term_string"}}],"inLanguage":"de"},{"@type":"Organization","@id":"https:\/\/senioren-netzwerk.ch\/#organization","name":"Senioren NetzWERK","url":"https:\/\/senioren-netzwerk.ch\/","logo":{"@type":"ImageObject","inLanguage":"de","@id":"https:\/\/senioren-netzwerk.ch\/#\/schema\/logo\/image\/","url":"https:\/\/senioren-netzwerk.ch\/wp-content\/uploads\/2023\/10\/cropped-Senioren-NetzWERK-Gersau-Logo.jpg","contentUrl":"https:\/\/senioren-netzwerk.ch\/wp-content\/uploads\/2023\/10\/cropped-Senioren-NetzWERK-Gersau-Logo.jpg","width":1292,"height":677,"caption":"Senioren NetzWERK"},"image":{"@id":"https:\/\/senioren-netzwerk.ch\/#\/schema\/logo\/image\/"}}]}},"jetpack_sharing_enabled":true,"_links":{"self":[{"href":"https:\/\/senioren-netzwerk.ch\/index.php\/wp-json\/wp\/v2\/pages\/501","targetHints":{"allow":["GET"]}}],"collection":[{"href":"https:\/\/senioren-netzwerk.ch\/index.php\/wp-json\/wp\/v2\/pages"}],"about":[{"href":"https:\/\/senioren-netzwerk.ch\/index.php\/wp-json\/wp\/v2\/types\/page"}],"author":[{"embeddable":true,"href":"https:\/\/senioren-netzwerk.ch\/index.php\/wp-json\/wp\/v2\/users\/1"}],"replies":[{"embeddable":true,"href":"https:\/\/senioren-netzwerk.ch\/index.php\/wp-json\/wp\/v2\/comments?post=501"}],"version-history":[{"count":4,"href":"https:\/\/senioren-netzwerk.ch\/index.php\/wp-json\/wp\/v2\/pages\/501\/revisions"}],"predecessor-version":[{"id":537,"href":"https:\/\/senioren-netzwerk.ch\/index.php\/wp-json\/wp\/v2\/pages\/501\/revisions\/537"}],"wp:featuredmedia":[{"embeddable":true,"href":"https:\/\/senioren-netzwerk.ch\/index.php\/wp-json\/wp\/v2\/media\/481"}],"wp:attachment":[{"href":"https:\/\/senioren-netzwerk.ch\/index.php\/wp-json\/wp\/v2\/media?parent=501"}],"curies":[{"name":"wp","href":"https:\/\/api.w.org\/{rel}","templated":true}]}}