{"id":530,"date":"2024-10-26T17:36:23","date_gmt":"2024-10-26T15:36:23","guid":{"rendered":"https:\/\/senioren-netzwerk.ch\/?page_id=530"},"modified":"2024-10-26T17:36:23","modified_gmt":"2024-10-26T15:36:23","slug":"handwerk-hilfe-anmeldung","status":"publish","type":"page","link":"https:\/\/senioren-netzwerk.ch\/index.php\/handwerk-hilfe-anmeldung\/","title":{"rendered":"Handwerk Hilfe Anmeldung"},"content":{"rendered":"<h5>Anmeldung<\/h5>\n<style id=\"wpforms-css-vars-527\">\n\t\t\t\t#wpforms-527 {\n\t\t\t\t\n\t\t\t}\n\t\t\t<\/style><div class=\"wpforms-container wpforms-container-full wpforms-render-modern\" id=\"wpforms-527\"><form id=\"wpforms-form-527\" class=\"wpforms-validate wpforms-form wpforms-ajax-form\" data-formid=\"527\" method=\"post\" enctype=\"multipart\/form-data\" action=\"\/index.php\/wp-json\/wp\/v2\/pages\/530\" data-token=\"e0eea8854c38bc7728c142c0615bef50\" data-token-time=\"1776444938\"><noscript class=\"wpforms-error-noscript\">Bitte aktiviere JavaScript in deinem Browser, um dieses Formular fertigzustellen.<\/noscript><div id=\"wpforms-error-noscript\" style=\"display: none;\">Bitte aktiviere JavaScript in deinem Browser, um dieses Formular fertigzustellen.<\/div><div class=\"wpforms-field-container\">\t\t<div id=\"wpforms-527-field_5-container\"\n\t\t\tclass=\"wpforms-field wpforms-field-text\"\n\t\t\tdata-field-type=\"text\"\n\t\t\tdata-field-id=\"5\"\n\t\t\t>\n\t\t\t<label class=\"wpforms-field-label\" for=\"wpforms-527-field_5\" >E-Mail-Adresse Name Beschreibung<\/label>\n\t\t\t<input type=\"text\" id=\"wpforms-527-field_5\" class=\"wpforms-field-medium\" name=\"wpforms[fields][5]\" >\n\t\t<\/div>\n\t\t<div id=\"wpforms-527-field_1-container\" class=\"wpforms-field wpforms-field-name\" data-field-id=\"1\"><fieldset><legend class=\"wpforms-field-label\">Name <span class=\"wpforms-required-label\" aria-hidden=\"true\">*<\/span><\/legend><div class=\"wpforms-field-row wpforms-field-medium\"><div class=\"wpforms-field-row-block wpforms-first wpforms-one-half\"><input type=\"text\" id=\"wpforms-527-field_1\" class=\"wpforms-field-name-first wpforms-field-required\" name=\"wpforms[fields][1][first]\" aria-errormessage=\"wpforms-527-field_1-error\" required><label for=\"wpforms-527-field_1\" class=\"wpforms-field-sublabel after\">Vorname<\/label><\/div><div class=\"wpforms-field-row-block wpforms-one-half\"><input type=\"text\" id=\"wpforms-527-field_1-last\" class=\"wpforms-field-name-last wpforms-field-required\" name=\"wpforms[fields][1][last]\" aria-errormessage=\"wpforms-527-field_1-last-error\" required><label for=\"wpforms-527-field_1-last\" class=\"wpforms-field-sublabel after\">Nachname<\/label><\/div><\/div><\/fieldset><\/div><div id=\"wpforms-527-field_2-container\" class=\"wpforms-field wpforms-field-email\" data-field-id=\"2\"><label class=\"wpforms-field-label\" for=\"wpforms-527-field_2\">E-Mail-Adresse <span class=\"wpforms-required-label\" aria-hidden=\"true\">*<\/span><\/label><input type=\"email\" id=\"wpforms-527-field_2\" class=\"wpforms-field-medium wpforms-field-required\" name=\"wpforms[fields][2]\" spellcheck=\"false\" aria-errormessage=\"wpforms-527-field_2-error\" required><\/div><div id=\"wpforms-527-field_3-container\" class=\"wpforms-field wpforms-field-number\" data-field-id=\"3\"><label class=\"wpforms-field-label\" for=\"wpforms-527-field_3\">Telefonnummer <span class=\"wpforms-required-label\" aria-hidden=\"true\">*<\/span><\/label><input type=\"number\" id=\"wpforms-527-field_3\" class=\"wpforms-field-medium wpforms-field-required\" name=\"wpforms[fields][3]\" step=\"any\" aria-errormessage=\"wpforms-527-field_3-error\" required><\/div><div id=\"wpforms-527-field_4-container\" class=\"wpforms-field wpforms-field-textarea\" data-field-id=\"4\"><label class=\"wpforms-field-label\" for=\"wpforms-527-field_4\">Beschreibung <span class=\"wpforms-required-label\" aria-hidden=\"true\">*<\/span><\/label><textarea id=\"wpforms-527-field_4\" class=\"wpforms-field-medium wpforms-field-required\" name=\"wpforms[fields][4]\" aria-errormessage=\"wpforms-527-field_4-error\" aria-describedby=\"wpforms-527-field_4-description\" required><\/textarea><div id=\"wpforms-527-field_4-description\" class=\"wpforms-field-description\">Bitte beschreiben Sie hier Ihre W\u00fcnsche<\/div><\/div><script>\n\t\t\t\t( function() {\n\t\t\t\t\tconst style = document.createElement( 'style' );\n\t\t\t\t\tstyle.appendChild( document.createTextNode( '#wpforms-527-field_5-container { position: absolute !important; overflow: hidden !important; display: inline !important; height: 1px !important; width: 1px !important; z-index: -1000 !important; padding: 0 !important; } #wpforms-527-field_5-container input { visibility: hidden; } #wpforms-conversational-form-page #wpforms-527-field_5-container label { counter-increment: none; }' ) );\n\t\t\t\t\tdocument.head.appendChild( style );\n\t\t\t\t\tdocument.currentScript?.remove();\n\t\t\t\t} )();\n\t\t\t<\/script><\/div><!-- .wpforms-field-container --><div class=\"wpforms-recaptcha-container wpforms-is-recaptcha wpforms-is-recaptcha-type-v3\" ><input type=\"hidden\" name=\"wpforms[recaptcha]\" value=\"\"><\/div><div class=\"wpforms-submit-container\" ><input type=\"hidden\" name=\"wpforms[id]\" value=\"527\"><input type=\"hidden\" name=\"page_title\" value=\"\"><input type=\"hidden\" name=\"page_url\" value=\"https:\/\/senioren-netzwerk.ch\/index.php\/wp-json\/wp\/v2\/pages\/530\"><input type=\"hidden\" name=\"url_referer\" value=\"\"><button type=\"submit\" name=\"wpforms[submit]\" id=\"wpforms-submit-527\" class=\"wpforms-submit\" data-alt-text=\"Wird gesendet\u00a0\u2026\" data-submit-text=\"Absenden\" aria-live=\"assertive\" value=\"wpforms-submit\">Absenden<\/button><img decoding=\"async\" src=\"https:\/\/senioren-netzwerk.ch\/wp-content\/plugins\/wpforms-lite\/assets\/images\/submit-spin.svg\" class=\"wpforms-submit-spinner\" style=\"display: none;\" width=\"26\" height=\"26\" alt=\"Wird geladen\"><\/div><\/form><\/div>  <!-- .wpforms-container -->\n","protected":false},"excerpt":{"rendered":"<p>Anmeldung<\/p>\n","protected":false},"author":1,"featured_media":481,"parent":0,"menu_order":0,"comment_status":"closed","ping_status":"closed","template":"page-no-separators","meta":{"_monsterinsights_skip_tracking":false,"_monsterinsights_sitenote_active":false,"_monsterinsights_sitenote_note":"","_monsterinsights_sitenote_category":0,"footnotes":""},"class_list":["post-530","page","type-page","status-publish","has-post-thumbnail","hentry"],"yoast_head":"<!-- This site is optimized with the Yoast SEO plugin v27.3 - https:\/\/yoast.com\/product\/yoast-seo-wordpress\/ -->\n<title>Handwerk Hilfe Anmeldung - Senioren NetzWERK<\/title>\n<meta name=\"description\" content=\"Entdecken Sie Handarbeit-Hilfe von Senioren f\u00fcr Senioren. Erfahrene Handarbeiter teilen ihr Wissen in Stricken, H\u00e4keln und mehr. F\u00f6rdern Sie Kreativit\u00e4t, Motorik und soziale Kontakte. Gemeinsam aktiv bleiben und Neues lernen - von Gleichgesinnten f\u00fcr Gleichgesinnte.\" \/>\n<meta name=\"robots\" content=\"index, follow, max-snippet:-1, max-image-preview:large, max-video-preview:-1\" \/>\n<link rel=\"canonical\" href=\"https:\/\/senioren-netzwerk.ch\/index.php\/handwerk-hilfe-anmeldung\/\" \/>\n<meta property=\"og:locale\" content=\"de_DE\" \/>\n<meta property=\"og:type\" content=\"article\" \/>\n<meta property=\"og:title\" content=\"Handwerk Hilfe Anmeldung - Senioren NetzWERK\" \/>\n<meta property=\"og:description\" content=\"Entdecken Sie Handarbeit-Hilfe von Senioren f\u00fcr Senioren. Erfahrene Handarbeiter teilen ihr Wissen in Stricken, H\u00e4keln und mehr. F\u00f6rdern Sie Kreativit\u00e4t, Motorik und soziale Kontakte. Gemeinsam aktiv bleiben und Neues lernen - von Gleichgesinnten f\u00fcr Gleichgesinnte.\" \/>\n<meta property=\"og:url\" content=\"https:\/\/senioren-netzwerk.ch\/index.php\/handwerk-hilfe-anmeldung\/\" \/>\n<meta property=\"og:site_name\" content=\"Senioren NetzWERK\" \/>\n<meta property=\"og:image\" content=\"https:\/\/senioren-netzwerk.ch\/wp-content\/uploads\/2024\/10\/Arbeits-Hilfre-mit-Text.jpg\" \/>\n\t<meta property=\"og:image:width\" content=\"1629\" \/>\n\t<meta property=\"og:image:height\" content=\"318\" \/>\n\t<meta property=\"og:image:type\" content=\"image\/jpeg\" \/>\n<meta name=\"twitter:card\" content=\"summary_large_image\" \/>\n<meta name=\"twitter:label1\" content=\"Gesch\u00e4tzte Lesezeit\" \/>\n\t<meta name=\"twitter:data1\" content=\"1\u00a0Minute\" \/>\n<script type=\"application\/ld+json\" class=\"yoast-schema-graph\">{\"@context\":\"https:\\\/\\\/schema.org\",\"@graph\":[{\"@type\":\"WebPage\",\"@id\":\"https:\\\/\\\/senioren-netzwerk.ch\\\/index.php\\\/handwerk-hilfe-anmeldung\\\/\",\"url\":\"https:\\\/\\\/senioren-netzwerk.ch\\\/index.php\\\/handwerk-hilfe-anmeldung\\\/\",\"name\":\"Handwerk Hilfe Anmeldung - Senioren NetzWERK\",\"isPartOf\":{\"@id\":\"https:\\\/\\\/senioren-netzwerk.ch\\\/#website\"},\"primaryImageOfPage\":{\"@id\":\"https:\\\/\\\/senioren-netzwerk.ch\\\/index.php\\\/handwerk-hilfe-anmeldung\\\/#primaryimage\"},\"image\":{\"@id\":\"https:\\\/\\\/senioren-netzwerk.ch\\\/index.php\\\/handwerk-hilfe-anmeldung\\\/#primaryimage\"},\"thumbnailUrl\":\"https:\\\/\\\/senioren-netzwerk.ch\\\/wp-content\\\/uploads\\\/2024\\\/10\\\/Arbeits-Hilfre-mit-Text.jpg\",\"datePublished\":\"2024-10-26T15:36:23+00:00\",\"description\":\"Entdecken Sie Handarbeit-Hilfe von Senioren f\u00fcr Senioren. Erfahrene Handarbeiter teilen ihr Wissen in Stricken, H\u00e4keln und mehr. F\u00f6rdern Sie Kreativit\u00e4t, Motorik und soziale Kontakte. Gemeinsam aktiv bleiben und Neues lernen - von Gleichgesinnten f\u00fcr Gleichgesinnte.\",\"breadcrumb\":{\"@id\":\"https:\\\/\\\/senioren-netzwerk.ch\\\/index.php\\\/handwerk-hilfe-anmeldung\\\/#breadcrumb\"},\"inLanguage\":\"de\",\"potentialAction\":[{\"@type\":\"ReadAction\",\"target\":[\"https:\\\/\\\/senioren-netzwerk.ch\\\/index.php\\\/handwerk-hilfe-anmeldung\\\/\"]}]},{\"@type\":\"ImageObject\",\"inLanguage\":\"de\",\"@id\":\"https:\\\/\\\/senioren-netzwerk.ch\\\/index.php\\\/handwerk-hilfe-anmeldung\\\/#primaryimage\",\"url\":\"https:\\\/\\\/senioren-netzwerk.ch\\\/wp-content\\\/uploads\\\/2024\\\/10\\\/Arbeits-Hilfre-mit-Text.jpg\",\"contentUrl\":\"https:\\\/\\\/senioren-netzwerk.ch\\\/wp-content\\\/uploads\\\/2024\\\/10\\\/Arbeits-Hilfre-mit-Text.jpg\",\"width\":1629,\"height\":318},{\"@type\":\"BreadcrumbList\",\"@id\":\"https:\\\/\\\/senioren-netzwerk.ch\\\/index.php\\\/handwerk-hilfe-anmeldung\\\/#breadcrumb\",\"itemListElement\":[{\"@type\":\"ListItem\",\"position\":1,\"name\":\"Startseite\",\"item\":\"https:\\\/\\\/senioren-netzwerk.ch\\\/\"},{\"@type\":\"ListItem\",\"position\":2,\"name\":\"Handwerk Hilfe Anmeldung\"}]},{\"@type\":\"WebSite\",\"@id\":\"https:\\\/\\\/senioren-netzwerk.ch\\\/#website\",\"url\":\"https:\\\/\\\/senioren-netzwerk.ch\\\/\",\"name\":\"Senioren NetzWERK\",\"description\":\"\",\"publisher\":{\"@id\":\"https:\\\/\\\/senioren-netzwerk.ch\\\/#organization\"},\"potentialAction\":[{\"@type\":\"SearchAction\",\"target\":{\"@type\":\"EntryPoint\",\"urlTemplate\":\"https:\\\/\\\/senioren-netzwerk.ch\\\/?s={search_term_string}\"},\"query-input\":{\"@type\":\"PropertyValueSpecification\",\"valueRequired\":true,\"valueName\":\"search_term_string\"}}],\"inLanguage\":\"de\"},{\"@type\":\"Organization\",\"@id\":\"https:\\\/\\\/senioren-netzwerk.ch\\\/#organization\",\"name\":\"Senioren NetzWERK\",\"url\":\"https:\\\/\\\/senioren-netzwerk.ch\\\/\",\"logo\":{\"@type\":\"ImageObject\",\"inLanguage\":\"de\",\"@id\":\"https:\\\/\\\/senioren-netzwerk.ch\\\/#\\\/schema\\\/logo\\\/image\\\/\",\"url\":\"https:\\\/\\\/senioren-netzwerk.ch\\\/wp-content\\\/uploads\\\/2023\\\/10\\\/cropped-Senioren-NetzWERK-Gersau-Logo.jpg\",\"contentUrl\":\"https:\\\/\\\/senioren-netzwerk.ch\\\/wp-content\\\/uploads\\\/2023\\\/10\\\/cropped-Senioren-NetzWERK-Gersau-Logo.jpg\",\"width\":1292,\"height\":677,\"caption\":\"Senioren NetzWERK\"},\"image\":{\"@id\":\"https:\\\/\\\/senioren-netzwerk.ch\\\/#\\\/schema\\\/logo\\\/image\\\/\"}}]}<\/script>\n<!-- \/ Yoast SEO plugin. -->","yoast_head_json":{"title":"Handwerk Hilfe Anmeldung - Senioren NetzWERK","description":"Entdecken Sie Handarbeit-Hilfe von Senioren f\u00fcr Senioren. Erfahrene Handarbeiter teilen ihr Wissen in Stricken, H\u00e4keln und mehr. F\u00f6rdern Sie Kreativit\u00e4t, Motorik und soziale Kontakte. Gemeinsam aktiv bleiben und Neues lernen - von Gleichgesinnten f\u00fcr Gleichgesinnte.","robots":{"index":"index","follow":"follow","max-snippet":"max-snippet:-1","max-image-preview":"max-image-preview:large","max-video-preview":"max-video-preview:-1"},"canonical":"https:\/\/senioren-netzwerk.ch\/index.php\/handwerk-hilfe-anmeldung\/","og_locale":"de_DE","og_type":"article","og_title":"Handwerk Hilfe Anmeldung - Senioren NetzWERK","og_description":"Entdecken Sie Handarbeit-Hilfe von Senioren f\u00fcr Senioren. Erfahrene Handarbeiter teilen ihr Wissen in Stricken, H\u00e4keln und mehr. F\u00f6rdern Sie Kreativit\u00e4t, Motorik und soziale Kontakte. Gemeinsam aktiv bleiben und Neues lernen - von Gleichgesinnten f\u00fcr Gleichgesinnte.","og_url":"https:\/\/senioren-netzwerk.ch\/index.php\/handwerk-hilfe-anmeldung\/","og_site_name":"Senioren NetzWERK","og_image":[{"width":1629,"height":318,"url":"https:\/\/senioren-netzwerk.ch\/wp-content\/uploads\/2024\/10\/Arbeits-Hilfre-mit-Text.jpg","type":"image\/jpeg"}],"twitter_card":"summary_large_image","twitter_misc":{"Gesch\u00e4tzte Lesezeit":"1\u00a0Minute"},"schema":{"@context":"https:\/\/schema.org","@graph":[{"@type":"WebPage","@id":"https:\/\/senioren-netzwerk.ch\/index.php\/handwerk-hilfe-anmeldung\/","url":"https:\/\/senioren-netzwerk.ch\/index.php\/handwerk-hilfe-anmeldung\/","name":"Handwerk Hilfe Anmeldung - Senioren NetzWERK","isPartOf":{"@id":"https:\/\/senioren-netzwerk.ch\/#website"},"primaryImageOfPage":{"@id":"https:\/\/senioren-netzwerk.ch\/index.php\/handwerk-hilfe-anmeldung\/#primaryimage"},"image":{"@id":"https:\/\/senioren-netzwerk.ch\/index.php\/handwerk-hilfe-anmeldung\/#primaryimage"},"thumbnailUrl":"https:\/\/senioren-netzwerk.ch\/wp-content\/uploads\/2024\/10\/Arbeits-Hilfre-mit-Text.jpg","datePublished":"2024-10-26T15:36:23+00:00","description":"Entdecken Sie Handarbeit-Hilfe von Senioren f\u00fcr Senioren. Erfahrene Handarbeiter teilen ihr Wissen in Stricken, H\u00e4keln und mehr. F\u00f6rdern Sie Kreativit\u00e4t, Motorik und soziale Kontakte. Gemeinsam aktiv bleiben und Neues lernen - von Gleichgesinnten f\u00fcr Gleichgesinnte.","breadcrumb":{"@id":"https:\/\/senioren-netzwerk.ch\/index.php\/handwerk-hilfe-anmeldung\/#breadcrumb"},"inLanguage":"de","potentialAction":[{"@type":"ReadAction","target":["https:\/\/senioren-netzwerk.ch\/index.php\/handwerk-hilfe-anmeldung\/"]}]},{"@type":"ImageObject","inLanguage":"de","@id":"https:\/\/senioren-netzwerk.ch\/index.php\/handwerk-hilfe-anmeldung\/#primaryimage","url":"https:\/\/senioren-netzwerk.ch\/wp-content\/uploads\/2024\/10\/Arbeits-Hilfre-mit-Text.jpg","contentUrl":"https:\/\/senioren-netzwerk.ch\/wp-content\/uploads\/2024\/10\/Arbeits-Hilfre-mit-Text.jpg","width":1629,"height":318},{"@type":"BreadcrumbList","@id":"https:\/\/senioren-netzwerk.ch\/index.php\/handwerk-hilfe-anmeldung\/#breadcrumb","itemListElement":[{"@type":"ListItem","position":1,"name":"Startseite","item":"https:\/\/senioren-netzwerk.ch\/"},{"@type":"ListItem","position":2,"name":"Handwerk Hilfe Anmeldung"}]},{"@type":"WebSite","@id":"https:\/\/senioren-netzwerk.ch\/#website","url":"https:\/\/senioren-netzwerk.ch\/","name":"Senioren NetzWERK","description":"","publisher":{"@id":"https:\/\/senioren-netzwerk.ch\/#organization"},"potentialAction":[{"@type":"SearchAction","target":{"@type":"EntryPoint","urlTemplate":"https:\/\/senioren-netzwerk.ch\/?s={search_term_string}"},"query-input":{"@type":"PropertyValueSpecification","valueRequired":true,"valueName":"search_term_string"}}],"inLanguage":"de"},{"@type":"Organization","@id":"https:\/\/senioren-netzwerk.ch\/#organization","name":"Senioren NetzWERK","url":"https:\/\/senioren-netzwerk.ch\/","logo":{"@type":"ImageObject","inLanguage":"de","@id":"https:\/\/senioren-netzwerk.ch\/#\/schema\/logo\/image\/","url":"https:\/\/senioren-netzwerk.ch\/wp-content\/uploads\/2023\/10\/cropped-Senioren-NetzWERK-Gersau-Logo.jpg","contentUrl":"https:\/\/senioren-netzwerk.ch\/wp-content\/uploads\/2023\/10\/cropped-Senioren-NetzWERK-Gersau-Logo.jpg","width":1292,"height":677,"caption":"Senioren NetzWERK"},"image":{"@id":"https:\/\/senioren-netzwerk.ch\/#\/schema\/logo\/image\/"}}]}},"jetpack_sharing_enabled":true,"_links":{"self":[{"href":"https:\/\/senioren-netzwerk.ch\/index.php\/wp-json\/wp\/v2\/pages\/530","targetHints":{"allow":["GET"]}}],"collection":[{"href":"https:\/\/senioren-netzwerk.ch\/index.php\/wp-json\/wp\/v2\/pages"}],"about":[{"href":"https:\/\/senioren-netzwerk.ch\/index.php\/wp-json\/wp\/v2\/types\/page"}],"author":[{"embeddable":true,"href":"https:\/\/senioren-netzwerk.ch\/index.php\/wp-json\/wp\/v2\/users\/1"}],"replies":[{"embeddable":true,"href":"https:\/\/senioren-netzwerk.ch\/index.php\/wp-json\/wp\/v2\/comments?post=530"}],"version-history":[{"count":1,"href":"https:\/\/senioren-netzwerk.ch\/index.php\/wp-json\/wp\/v2\/pages\/530\/revisions"}],"predecessor-version":[{"id":531,"href":"https:\/\/senioren-netzwerk.ch\/index.php\/wp-json\/wp\/v2\/pages\/530\/revisions\/531"}],"wp:featuredmedia":[{"embeddable":true,"href":"https:\/\/senioren-netzwerk.ch\/index.php\/wp-json\/wp\/v2\/media\/481"}],"wp:attachment":[{"href":"https:\/\/senioren-netzwerk.ch\/index.php\/wp-json\/wp\/v2\/media?parent=530"}],"curies":[{"name":"wp","href":"https:\/\/api.w.org\/{rel}","templated":true}]}}