{"id":563,"date":"2024-10-30T16:56:31","date_gmt":"2024-10-30T15:56:31","guid":{"rendered":"https:\/\/senioren-netzwerk.ch\/?page_id=563"},"modified":"2024-10-30T17:01:26","modified_gmt":"2024-10-30T16:01:26","slug":"senioren-treffen","status":"publish","type":"page","link":"https:\/\/senioren-netzwerk.ch\/index.php\/senioren-treffen\/","title":{"rendered":"Fragen zu Senioren Treffen"},"content":{"rendered":"<h5>Fragen und W\u00fcnsche<\/h5>\n<style id=\"wpforms-css-vars-559\">\n\t\t\t\t#wpforms-559 {\n\t\t\t\t\n\t\t\t}\n\t\t\t<\/style><div class=\"wpforms-container wpforms-container-full wpforms-render-modern\" id=\"wpforms-559\"><form id=\"wpforms-form-559\" class=\"wpforms-validate wpforms-form wpforms-ajax-form\" data-formid=\"559\" method=\"post\" enctype=\"multipart\/form-data\" action=\"\/index.php\/wp-json\/wp\/v2\/pages\/563\" data-token=\"6ad67bdf48f4535634937a0d39fc6bd0\" data-token-time=\"1776444938\"><noscript class=\"wpforms-error-noscript\">Bitte aktiviere JavaScript in deinem Browser, um dieses Formular fertigzustellen.<\/noscript><div id=\"wpforms-error-noscript\" style=\"display: none;\">Bitte aktiviere JavaScript in deinem Browser, um dieses Formular fertigzustellen.<\/div><div class=\"wpforms-field-container\"><div id=\"wpforms-559-field_1-container\" class=\"wpforms-field wpforms-field-name\" data-field-id=\"1\"><fieldset><legend class=\"wpforms-field-label\">Name <span class=\"wpforms-required-label\" aria-hidden=\"true\">*<\/span><\/legend><div class=\"wpforms-field-row wpforms-field-medium\"><div class=\"wpforms-field-row-block wpforms-first wpforms-one-half\"><input type=\"text\" id=\"wpforms-559-field_1\" class=\"wpforms-field-name-first wpforms-field-required\" name=\"wpforms[fields][1][first]\" aria-errormessage=\"wpforms-559-field_1-error\" required><label for=\"wpforms-559-field_1\" class=\"wpforms-field-sublabel after\">Vorname<\/label><\/div><div class=\"wpforms-field-row-block wpforms-one-half\"><input type=\"text\" id=\"wpforms-559-field_1-last\" class=\"wpforms-field-name-last wpforms-field-required\" name=\"wpforms[fields][1][last]\" aria-errormessage=\"wpforms-559-field_1-last-error\" required><label for=\"wpforms-559-field_1-last\" class=\"wpforms-field-sublabel after\">Nachname<\/label><\/div><\/div><\/fieldset><\/div>\t\t<div id=\"wpforms-559-field_5-container\"\n\t\t\tclass=\"wpforms-field wpforms-field-text\"\n\t\t\tdata-field-type=\"text\"\n\t\t\tdata-field-id=\"5\"\n\t\t\t>\n\t\t\t<label class=\"wpforms-field-label\" for=\"wpforms-559-field_5\" >E-Mail-Adresse Name Beschreibung<\/label>\n\t\t\t<input type=\"text\" id=\"wpforms-559-field_5\" class=\"wpforms-field-medium\" name=\"wpforms[fields][5]\" >\n\t\t<\/div>\n\t\t<div id=\"wpforms-559-field_2-container\" class=\"wpforms-field wpforms-field-email\" data-field-id=\"2\"><label class=\"wpforms-field-label\" for=\"wpforms-559-field_2\">E-Mail-Adresse <span class=\"wpforms-required-label\" aria-hidden=\"true\">*<\/span><\/label><input type=\"email\" id=\"wpforms-559-field_2\" class=\"wpforms-field-medium wpforms-field-required\" name=\"wpforms[fields][2]\" spellcheck=\"false\" aria-errormessage=\"wpforms-559-field_2-error\" required><\/div><div id=\"wpforms-559-field_3-container\" class=\"wpforms-field wpforms-field-number\" data-field-id=\"3\"><label class=\"wpforms-field-label\" for=\"wpforms-559-field_3\">Telefonnummer <span class=\"wpforms-required-label\" aria-hidden=\"true\">*<\/span><\/label><input type=\"number\" id=\"wpforms-559-field_3\" class=\"wpforms-field-medium wpforms-field-required\" name=\"wpforms[fields][3]\" step=\"any\" aria-errormessage=\"wpforms-559-field_3-error\" required><\/div><div id=\"wpforms-559-field_4-container\" class=\"wpforms-field wpforms-field-textarea\" data-field-id=\"4\"><label class=\"wpforms-field-label\" for=\"wpforms-559-field_4\">Beschreibung <span class=\"wpforms-required-label\" aria-hidden=\"true\">*<\/span><\/label><textarea id=\"wpforms-559-field_4\" class=\"wpforms-field-medium wpforms-field-required\" name=\"wpforms[fields][4]\" aria-errormessage=\"wpforms-559-field_4-error\" aria-describedby=\"wpforms-559-field_4-description\" required><\/textarea><div id=\"wpforms-559-field_4-description\" class=\"wpforms-field-description\">Bitte beschreiben Sie hier Ihre Fragen und\/oder W\u00fcnsche<\/div><\/div><script>\n\t\t\t\t( function() {\n\t\t\t\t\tconst style = document.createElement( 'style' );\n\t\t\t\t\tstyle.appendChild( document.createTextNode( '#wpforms-559-field_5-container { position: absolute !important; overflow: hidden !important; display: inline !important; height: 1px !important; width: 1px !important; z-index: -1000 !important; padding: 0 !important; } #wpforms-559-field_5-container input { visibility: hidden; } #wpforms-conversational-form-page #wpforms-559-field_5-container label { counter-increment: none; }' ) );\n\t\t\t\t\tdocument.head.appendChild( style );\n\t\t\t\t\tdocument.currentScript?.remove();\n\t\t\t\t} )();\n\t\t\t<\/script><\/div><!-- .wpforms-field-container --><div class=\"wpforms-recaptcha-container wpforms-is-recaptcha wpforms-is-recaptcha-type-v3\" ><input type=\"hidden\" name=\"wpforms[recaptcha]\" value=\"\"><\/div><div class=\"wpforms-submit-container\" ><input type=\"hidden\" name=\"wpforms[id]\" value=\"559\"><input type=\"hidden\" name=\"page_title\" value=\"\"><input type=\"hidden\" name=\"page_url\" value=\"https:\/\/senioren-netzwerk.ch\/index.php\/wp-json\/wp\/v2\/pages\/563\"><input type=\"hidden\" name=\"url_referer\" value=\"\"><button type=\"submit\" name=\"wpforms[submit]\" id=\"wpforms-submit-559\" class=\"wpforms-submit\" data-alt-text=\"Wird gesendet\u00a0\u2026\" data-submit-text=\"Absenden\" aria-live=\"assertive\" value=\"wpforms-submit\">Absenden<\/button><img decoding=\"async\" src=\"https:\/\/senioren-netzwerk.ch\/wp-content\/plugins\/wpforms-lite\/assets\/images\/submit-spin.svg\" class=\"wpforms-submit-spinner\" style=\"display: none;\" width=\"26\" height=\"26\" alt=\"Wird geladen\"><\/div><\/form><\/div>  <!-- .wpforms-container -->\n","protected":false},"excerpt":{"rendered":"<p>Fragen und W\u00fcnsche<\/p>\n","protected":false},"author":1,"featured_media":482,"parent":0,"menu_order":0,"comment_status":"closed","ping_status":"closed","template":"page-no-separators","meta":{"_monsterinsights_skip_tracking":false,"_monsterinsights_sitenote_active":false,"_monsterinsights_sitenote_note":"","_monsterinsights_sitenote_category":0,"footnotes":""},"class_list":["post-563","page","type-page","status-publish","has-post-thumbnail","hentry"],"yoast_head":"<!-- This site is optimized with the Yoast SEO plugin v27.3 - https:\/\/yoast.com\/product\/yoast-seo-wordpress\/ -->\n<title>Fragen zu Senioren Treffen - Senioren NetzWERK<\/title>\n<meta name=\"description\" content=\"Erleben Sie die gem\u00fctlichen Treffen des Senioren NetzWERK Gersau! Hier kommen Seniorinnen und Senioren zusammen, um in entspannter Atmosph\u00e4re Kontakte zu kn\u00fcpfen, sich auszutauschen und gemeinsam Aktivit\u00e4ten zu genie\u00dfen. F\u00f6rdern Sie soziale Interaktion und Lebensfreude im Alter!\" \/>\n<meta name=\"robots\" content=\"index, follow, max-snippet:-1, max-image-preview:large, max-video-preview:-1\" \/>\n<link rel=\"canonical\" href=\"https:\/\/senioren-netzwerk.ch\/index.php\/senioren-treffen\/\" \/>\n<meta property=\"og:locale\" content=\"de_DE\" \/>\n<meta property=\"og:type\" content=\"article\" \/>\n<meta property=\"og:title\" content=\"Fragen zu Senioren Treffen - Senioren NetzWERK\" \/>\n<meta property=\"og:description\" content=\"Erleben Sie die gem\u00fctlichen Treffen des Senioren NetzWERK Gersau! Hier kommen Seniorinnen und Senioren zusammen, um in entspannter Atmosph\u00e4re Kontakte zu kn\u00fcpfen, sich auszutauschen und gemeinsam Aktivit\u00e4ten zu genie\u00dfen. F\u00f6rdern Sie soziale Interaktion und Lebensfreude im Alter!\" \/>\n<meta property=\"og:url\" content=\"https:\/\/senioren-netzwerk.ch\/index.php\/senioren-treffen\/\" \/>\n<meta property=\"og:site_name\" content=\"Senioren NetzWERK\" \/>\n<meta property=\"article:modified_time\" content=\"2024-10-30T16:01:26+00:00\" \/>\n<meta property=\"og:image\" content=\"https:\/\/senioren-netzwerk.ch\/wp-content\/uploads\/2024\/10\/Gemuetliches-Treffen-mit-Text.jpg\" \/>\n\t<meta property=\"og:image:width\" content=\"1629\" \/>\n\t<meta property=\"og:image:height\" content=\"317\" \/>\n\t<meta property=\"og:image:type\" content=\"image\/jpeg\" \/>\n<meta name=\"twitter:card\" content=\"summary_large_image\" \/>\n<meta name=\"twitter:label1\" content=\"Gesch\u00e4tzte Lesezeit\" \/>\n\t<meta name=\"twitter:data1\" content=\"1\u00a0Minute\" \/>\n<script type=\"application\/ld+json\" class=\"yoast-schema-graph\">{\"@context\":\"https:\\\/\\\/schema.org\",\"@graph\":[{\"@type\":\"WebPage\",\"@id\":\"https:\\\/\\\/senioren-netzwerk.ch\\\/index.php\\\/senioren-treffen\\\/\",\"url\":\"https:\\\/\\\/senioren-netzwerk.ch\\\/index.php\\\/senioren-treffen\\\/\",\"name\":\"Fragen zu Senioren Treffen - Senioren NetzWERK\",\"isPartOf\":{\"@id\":\"https:\\\/\\\/senioren-netzwerk.ch\\\/#website\"},\"primaryImageOfPage\":{\"@id\":\"https:\\\/\\\/senioren-netzwerk.ch\\\/index.php\\\/senioren-treffen\\\/#primaryimage\"},\"image\":{\"@id\":\"https:\\\/\\\/senioren-netzwerk.ch\\\/index.php\\\/senioren-treffen\\\/#primaryimage\"},\"thumbnailUrl\":\"https:\\\/\\\/senioren-netzwerk.ch\\\/wp-content\\\/uploads\\\/2024\\\/10\\\/Gemuetliches-Treffen-mit-Text.jpg\",\"datePublished\":\"2024-10-30T15:56:31+00:00\",\"dateModified\":\"2024-10-30T16:01:26+00:00\",\"description\":\"Erleben Sie die gem\u00fctlichen Treffen des Senioren NetzWERK Gersau! Hier kommen Seniorinnen und Senioren zusammen, um in entspannter Atmosph\u00e4re Kontakte zu kn\u00fcpfen, sich auszutauschen und gemeinsam Aktivit\u00e4ten zu genie\u00dfen. F\u00f6rdern Sie soziale Interaktion und Lebensfreude im Alter!\",\"breadcrumb\":{\"@id\":\"https:\\\/\\\/senioren-netzwerk.ch\\\/index.php\\\/senioren-treffen\\\/#breadcrumb\"},\"inLanguage\":\"de\",\"potentialAction\":[{\"@type\":\"ReadAction\",\"target\":[\"https:\\\/\\\/senioren-netzwerk.ch\\\/index.php\\\/senioren-treffen\\\/\"]}]},{\"@type\":\"ImageObject\",\"inLanguage\":\"de\",\"@id\":\"https:\\\/\\\/senioren-netzwerk.ch\\\/index.php\\\/senioren-treffen\\\/#primaryimage\",\"url\":\"https:\\\/\\\/senioren-netzwerk.ch\\\/wp-content\\\/uploads\\\/2024\\\/10\\\/Gemuetliches-Treffen-mit-Text.jpg\",\"contentUrl\":\"https:\\\/\\\/senioren-netzwerk.ch\\\/wp-content\\\/uploads\\\/2024\\\/10\\\/Gemuetliches-Treffen-mit-Text.jpg\",\"width\":1629,\"height\":317,\"caption\":\"Senioren NetzWERK Treffen\"},{\"@type\":\"BreadcrumbList\",\"@id\":\"https:\\\/\\\/senioren-netzwerk.ch\\\/index.php\\\/senioren-treffen\\\/#breadcrumb\",\"itemListElement\":[{\"@type\":\"ListItem\",\"position\":1,\"name\":\"Startseite\",\"item\":\"https:\\\/\\\/senioren-netzwerk.ch\\\/\"},{\"@type\":\"ListItem\",\"position\":2,\"name\":\"Fragen zu Senioren Treffen\"}]},{\"@type\":\"WebSite\",\"@id\":\"https:\\\/\\\/senioren-netzwerk.ch\\\/#website\",\"url\":\"https:\\\/\\\/senioren-netzwerk.ch\\\/\",\"name\":\"Senioren NetzWERK\",\"description\":\"\",\"publisher\":{\"@id\":\"https:\\\/\\\/senioren-netzwerk.ch\\\/#organization\"},\"potentialAction\":[{\"@type\":\"SearchAction\",\"target\":{\"@type\":\"EntryPoint\",\"urlTemplate\":\"https:\\\/\\\/senioren-netzwerk.ch\\\/?s={search_term_string}\"},\"query-input\":{\"@type\":\"PropertyValueSpecification\",\"valueRequired\":true,\"valueName\":\"search_term_string\"}}],\"inLanguage\":\"de\"},{\"@type\":\"Organization\",\"@id\":\"https:\\\/\\\/senioren-netzwerk.ch\\\/#organization\",\"name\":\"Senioren NetzWERK\",\"url\":\"https:\\\/\\\/senioren-netzwerk.ch\\\/\",\"logo\":{\"@type\":\"ImageObject\",\"inLanguage\":\"de\",\"@id\":\"https:\\\/\\\/senioren-netzwerk.ch\\\/#\\\/schema\\\/logo\\\/image\\\/\",\"url\":\"https:\\\/\\\/senioren-netzwerk.ch\\\/wp-content\\\/uploads\\\/2023\\\/10\\\/cropped-Senioren-NetzWERK-Gersau-Logo.jpg\",\"contentUrl\":\"https:\\\/\\\/senioren-netzwerk.ch\\\/wp-content\\\/uploads\\\/2023\\\/10\\\/cropped-Senioren-NetzWERK-Gersau-Logo.jpg\",\"width\":1292,\"height\":677,\"caption\":\"Senioren NetzWERK\"},\"image\":{\"@id\":\"https:\\\/\\\/senioren-netzwerk.ch\\\/#\\\/schema\\\/logo\\\/image\\\/\"}}]}<\/script>\n<!-- \/ Yoast SEO plugin. -->","yoast_head_json":{"title":"Fragen zu Senioren Treffen - Senioren NetzWERK","description":"Erleben Sie die gem\u00fctlichen Treffen des Senioren NetzWERK Gersau! Hier kommen Seniorinnen und Senioren zusammen, um in entspannter Atmosph\u00e4re Kontakte zu kn\u00fcpfen, sich auszutauschen und gemeinsam Aktivit\u00e4ten zu genie\u00dfen. F\u00f6rdern Sie soziale Interaktion und Lebensfreude im Alter!","robots":{"index":"index","follow":"follow","max-snippet":"max-snippet:-1","max-image-preview":"max-image-preview:large","max-video-preview":"max-video-preview:-1"},"canonical":"https:\/\/senioren-netzwerk.ch\/index.php\/senioren-treffen\/","og_locale":"de_DE","og_type":"article","og_title":"Fragen zu Senioren Treffen - Senioren NetzWERK","og_description":"Erleben Sie die gem\u00fctlichen Treffen des Senioren NetzWERK Gersau! Hier kommen Seniorinnen und Senioren zusammen, um in entspannter Atmosph\u00e4re Kontakte zu kn\u00fcpfen, sich auszutauschen und gemeinsam Aktivit\u00e4ten zu genie\u00dfen. F\u00f6rdern Sie soziale Interaktion und Lebensfreude im Alter!","og_url":"https:\/\/senioren-netzwerk.ch\/index.php\/senioren-treffen\/","og_site_name":"Senioren NetzWERK","article_modified_time":"2024-10-30T16:01:26+00:00","og_image":[{"width":1629,"height":317,"url":"https:\/\/senioren-netzwerk.ch\/wp-content\/uploads\/2024\/10\/Gemuetliches-Treffen-mit-Text.jpg","type":"image\/jpeg"}],"twitter_card":"summary_large_image","twitter_misc":{"Gesch\u00e4tzte Lesezeit":"1\u00a0Minute"},"schema":{"@context":"https:\/\/schema.org","@graph":[{"@type":"WebPage","@id":"https:\/\/senioren-netzwerk.ch\/index.php\/senioren-treffen\/","url":"https:\/\/senioren-netzwerk.ch\/index.php\/senioren-treffen\/","name":"Fragen zu Senioren Treffen - Senioren NetzWERK","isPartOf":{"@id":"https:\/\/senioren-netzwerk.ch\/#website"},"primaryImageOfPage":{"@id":"https:\/\/senioren-netzwerk.ch\/index.php\/senioren-treffen\/#primaryimage"},"image":{"@id":"https:\/\/senioren-netzwerk.ch\/index.php\/senioren-treffen\/#primaryimage"},"thumbnailUrl":"https:\/\/senioren-netzwerk.ch\/wp-content\/uploads\/2024\/10\/Gemuetliches-Treffen-mit-Text.jpg","datePublished":"2024-10-30T15:56:31+00:00","dateModified":"2024-10-30T16:01:26+00:00","description":"Erleben Sie die gem\u00fctlichen Treffen des Senioren NetzWERK Gersau! Hier kommen Seniorinnen und Senioren zusammen, um in entspannter Atmosph\u00e4re Kontakte zu kn\u00fcpfen, sich auszutauschen und gemeinsam Aktivit\u00e4ten zu genie\u00dfen. F\u00f6rdern Sie soziale Interaktion und Lebensfreude im Alter!","breadcrumb":{"@id":"https:\/\/senioren-netzwerk.ch\/index.php\/senioren-treffen\/#breadcrumb"},"inLanguage":"de","potentialAction":[{"@type":"ReadAction","target":["https:\/\/senioren-netzwerk.ch\/index.php\/senioren-treffen\/"]}]},{"@type":"ImageObject","inLanguage":"de","@id":"https:\/\/senioren-netzwerk.ch\/index.php\/senioren-treffen\/#primaryimage","url":"https:\/\/senioren-netzwerk.ch\/wp-content\/uploads\/2024\/10\/Gemuetliches-Treffen-mit-Text.jpg","contentUrl":"https:\/\/senioren-netzwerk.ch\/wp-content\/uploads\/2024\/10\/Gemuetliches-Treffen-mit-Text.jpg","width":1629,"height":317,"caption":"Senioren NetzWERK Treffen"},{"@type":"BreadcrumbList","@id":"https:\/\/senioren-netzwerk.ch\/index.php\/senioren-treffen\/#breadcrumb","itemListElement":[{"@type":"ListItem","position":1,"name":"Startseite","item":"https:\/\/senioren-netzwerk.ch\/"},{"@type":"ListItem","position":2,"name":"Fragen zu Senioren Treffen"}]},{"@type":"WebSite","@id":"https:\/\/senioren-netzwerk.ch\/#website","url":"https:\/\/senioren-netzwerk.ch\/","name":"Senioren NetzWERK","description":"","publisher":{"@id":"https:\/\/senioren-netzwerk.ch\/#organization"},"potentialAction":[{"@type":"SearchAction","target":{"@type":"EntryPoint","urlTemplate":"https:\/\/senioren-netzwerk.ch\/?s={search_term_string}"},"query-input":{"@type":"PropertyValueSpecification","valueRequired":true,"valueName":"search_term_string"}}],"inLanguage":"de"},{"@type":"Organization","@id":"https:\/\/senioren-netzwerk.ch\/#organization","name":"Senioren NetzWERK","url":"https:\/\/senioren-netzwerk.ch\/","logo":{"@type":"ImageObject","inLanguage":"de","@id":"https:\/\/senioren-netzwerk.ch\/#\/schema\/logo\/image\/","url":"https:\/\/senioren-netzwerk.ch\/wp-content\/uploads\/2023\/10\/cropped-Senioren-NetzWERK-Gersau-Logo.jpg","contentUrl":"https:\/\/senioren-netzwerk.ch\/wp-content\/uploads\/2023\/10\/cropped-Senioren-NetzWERK-Gersau-Logo.jpg","width":1292,"height":677,"caption":"Senioren NetzWERK"},"image":{"@id":"https:\/\/senioren-netzwerk.ch\/#\/schema\/logo\/image\/"}}]}},"jetpack_sharing_enabled":true,"_links":{"self":[{"href":"https:\/\/senioren-netzwerk.ch\/index.php\/wp-json\/wp\/v2\/pages\/563","targetHints":{"allow":["GET"]}}],"collection":[{"href":"https:\/\/senioren-netzwerk.ch\/index.php\/wp-json\/wp\/v2\/pages"}],"about":[{"href":"https:\/\/senioren-netzwerk.ch\/index.php\/wp-json\/wp\/v2\/types\/page"}],"author":[{"embeddable":true,"href":"https:\/\/senioren-netzwerk.ch\/index.php\/wp-json\/wp\/v2\/users\/1"}],"replies":[{"embeddable":true,"href":"https:\/\/senioren-netzwerk.ch\/index.php\/wp-json\/wp\/v2\/comments?post=563"}],"version-history":[{"count":2,"href":"https:\/\/senioren-netzwerk.ch\/index.php\/wp-json\/wp\/v2\/pages\/563\/revisions"}],"predecessor-version":[{"id":565,"href":"https:\/\/senioren-netzwerk.ch\/index.php\/wp-json\/wp\/v2\/pages\/563\/revisions\/565"}],"wp:featuredmedia":[{"embeddable":true,"href":"https:\/\/senioren-netzwerk.ch\/index.php\/wp-json\/wp\/v2\/media\/482"}],"wp:attachment":[{"href":"https:\/\/senioren-netzwerk.ch\/index.php\/wp-json\/wp\/v2\/media?parent=563"}],"curies":[{"name":"wp","href":"https:\/\/api.w.org\/{rel}","templated":true}]}}