{"id":61,"date":"2023-11-27T17:09:33","date_gmt":"2023-11-27T17:09:33","guid":{"rendered":"https:\/\/senioren-netzwerk.ch\/?page_id=61"},"modified":"2026-02-08T14:25:00","modified_gmt":"2026-02-08T13:25:00","slug":"anmeldung","status":"publish","type":"page","link":"https:\/\/senioren-netzwerk.ch\/index.php\/anmeldung\/","title":{"rendered":"Anmeldung"},"content":{"rendered":"<p>Ich m\u00f6chte Mitglied des Vereins <strong>Senioren NetzWERK<\/strong> Gersau werden.<\/p>\n<p><em>Der Verein Senioren NetzWERK verpflichtet sich, pers\u00f6nliche Daten seiner Mitglieder entsprechend dem g\u00fcltigen Datenschutz Gesetz f\u00fcr Vereine zu behandeln. Mit meiner Anmeldung erlaube ich dem Verein Senioren NetzWERK, meine pers\u00f6nlichen Daten in gesetzlich erlaubten Rahmen zu speichern und zu nutzen.<\/em><\/p>\n<p>Der Jahresbeitrag betr\u00e4gt CHF 20.-\u00a0\u00a0\u00a0 <a href=\"https:\/\/senioren-netzwerk.ch\/wp-content\/uploads\/2024\/03\/Verein-Senioren-NetzWERK-Statuten-2024-03-21.pdf\" target=\"_blank\" rel=\"noopener\">Statuten<\/a>\u00a0 \u00a0 \u00a0 \u00a0<a href=\"https:\/\/senioren-netzwerk.ch\/wp-content\/uploads\/2026\/02\/Einzahlungsschein-Senioren-Netzwerk-Gersau-mit-Bilder.pdf\" target=\"_blank\" rel=\"noopener\">Einzahlungsschein<\/a><\/p>\n<style id=\"wpforms-css-vars-64\">\n\t\t\t\t#wpforms-64 {\n\t\t\t\t\n\t\t\t}\n\t\t\t<\/style><div class=\"wpforms-container wpforms-container-full wpforms-render-modern\" id=\"wpforms-64\"><form id=\"wpforms-form-64\" class=\"wpforms-validate wpforms-form wpforms-ajax-form\" data-formid=\"64\" method=\"post\" enctype=\"multipart\/form-data\" action=\"\/index.php\/wp-json\/wp\/v2\/pages\/61\" data-token=\"3e3a69fee39cdf2e6d7a0d0b9fdc8c99\" data-token-time=\"1776431944\"><noscript class=\"wpforms-error-noscript\">Bitte aktiviere JavaScript in deinem Browser, um dieses Formular fertigzustellen.<\/noscript><div id=\"wpforms-error-noscript\" style=\"display: none;\">Bitte aktiviere JavaScript in deinem Browser, um dieses Formular fertigzustellen.<\/div><div class=\"wpforms-field-container\"><div id=\"wpforms-64-field_5-container\" class=\"wpforms-field wpforms-field-select wpforms-field-select-style-classic\" data-field-id=\"5\"><label class=\"wpforms-field-label\" for=\"wpforms-64-field_5\">Anrede <span class=\"wpforms-required-label\" aria-hidden=\"true\">*<\/span><\/label><select id=\"wpforms-64-field_5\" class=\"wpforms-field-small wpforms-field-required\" name=\"wpforms[fields][5]\" required=\"required\"><option value=\"Frau\"  selected='selected' class=\"choice-1 depth-1\"  >Frau<\/option><option value=\"Herr\"  class=\"choice-2 depth-1\"  >Herr<\/option><\/select><\/div><div id=\"wpforms-64-field_0-container\" class=\"wpforms-field wpforms-field-name\" data-field-id=\"0\"><fieldset><legend class=\"wpforms-field-label\">Name <span class=\"wpforms-required-label\" aria-hidden=\"true\">*<\/span><\/legend><div class=\"wpforms-field-row wpforms-field-medium\"><div class=\"wpforms-field-row-block wpforms-first wpforms-one-half\"><input type=\"text\" id=\"wpforms-64-field_0\" class=\"wpforms-field-name-first wpforms-field-required\" name=\"wpforms[fields][0][first]\" aria-errormessage=\"wpforms-64-field_0-error\" required><label for=\"wpforms-64-field_0\" class=\"wpforms-field-sublabel after\">Vorname<\/label><\/div><div class=\"wpforms-field-row-block wpforms-one-half\"><input type=\"text\" id=\"wpforms-64-field_0-last\" class=\"wpforms-field-name-last wpforms-field-required\" name=\"wpforms[fields][0][last]\" aria-errormessage=\"wpforms-64-field_0-last-error\" required><label for=\"wpforms-64-field_0-last\" class=\"wpforms-field-sublabel after\">Nachname<\/label><\/div><\/div><\/fieldset><\/div><div id=\"wpforms-64-field_3-container\" class=\"wpforms-field wpforms-field-text\" data-field-id=\"3\"><label class=\"wpforms-field-label\" for=\"wpforms-64-field_3\">Strasse, Nr <span class=\"wpforms-required-label\" aria-hidden=\"true\">*<\/span><\/label><input type=\"text\" id=\"wpforms-64-field_3\" class=\"wpforms-field-medium wpforms-field-required\" name=\"wpforms[fields][3]\" aria-errormessage=\"wpforms-64-field_3-error\" required><\/div><div id=\"wpforms-64-field_1-container\" class=\"wpforms-field wpforms-field-email\" data-field-id=\"1\"><label class=\"wpforms-field-label\" for=\"wpforms-64-field_1\">E-Mail-Adresse <span class=\"wpforms-required-label\" aria-hidden=\"true\">*<\/span><\/label><input type=\"email\" id=\"wpforms-64-field_1\" class=\"wpforms-field-medium wpforms-field-required\" name=\"wpforms[fields][1]\" spellcheck=\"false\" aria-errormessage=\"wpforms-64-field_1-error\" required><\/div><div id=\"wpforms-64-field_4-container\" class=\"wpforms-field wpforms-field-text\" data-field-id=\"4\"><label class=\"wpforms-field-label\" for=\"wpforms-64-field_4\">Telefon-Nr<\/label><input type=\"text\" id=\"wpforms-64-field_4\" class=\"wpforms-field-medium\" name=\"wpforms[fields][4]\" aria-errormessage=\"wpforms-64-field_4-error\" ><\/div><div id=\"wpforms-64-field_6-container\" class=\"wpforms-field wpforms-field-checkbox\" data-field-id=\"6\"><fieldset><legend class=\"wpforms-field-label\">Ich bin interessiert an einer aktiven Mitarbeit <span class=\"wpforms-required-label\" aria-hidden=\"true\">*<\/span><\/legend><ul id=\"wpforms-64-field_6\" class=\"wpforms-field-required\"><li class=\"choice-1 depth-1\"><input type=\"checkbox\" id=\"wpforms-64-field_6_1\" name=\"wpforms[fields][6][]\" value=\"JA\" aria-errormessage=\"wpforms-64-field_6_1-error\" required ><label class=\"wpforms-field-label-inline\" for=\"wpforms-64-field_6_1\">JA<\/label><\/li><li class=\"choice-2 depth-1\"><input type=\"checkbox\" id=\"wpforms-64-field_6_2\" name=\"wpforms[fields][6][]\" value=\"NEIN\" aria-errormessage=\"wpforms-64-field_6_2-error\" required ><label class=\"wpforms-field-label-inline\" for=\"wpforms-64-field_6_2\">NEIN<\/label><\/li><\/ul><\/fieldset><\/div><div id=\"wpforms-64-field_2-container\" class=\"wpforms-field wpforms-field-textarea\" data-field-id=\"2\"><label class=\"wpforms-field-label\" for=\"wpforms-64-field_2\">Kommentar oder Nachricht<\/label><textarea id=\"wpforms-64-field_2\" class=\"wpforms-field-medium\" name=\"wpforms[fields][2]\" aria-errormessage=\"wpforms-64-field_2-error\" ><\/textarea><\/div><\/div><!-- .wpforms-field-container --><div class=\"wpforms-recaptcha-container wpforms-is-recaptcha wpforms-is-recaptcha-type-v3\" ><input type=\"hidden\" name=\"wpforms[recaptcha]\" value=\"\"><\/div><div class=\"wpforms-submit-container\" ><input type=\"hidden\" name=\"wpforms[id]\" value=\"64\"><input type=\"hidden\" name=\"page_title\" value=\"\"><input type=\"hidden\" name=\"page_url\" value=\"https:\/\/senioren-netzwerk.ch\/index.php\/wp-json\/wp\/v2\/pages\/61\"><input type=\"hidden\" name=\"url_referer\" value=\"\"><button type=\"submit\" name=\"wpforms[submit]\" id=\"wpforms-submit-64\" class=\"wpforms-submit\" data-alt-text=\"Wird gesendet\u00a0\u2026\" data-submit-text=\"Absenden\" aria-live=\"assertive\" value=\"wpforms-submit\">Absenden<\/button><img decoding=\"async\" src=\"https:\/\/senioren-netzwerk.ch\/wp-content\/plugins\/wpforms-lite\/assets\/images\/submit-spin.svg\" class=\"wpforms-submit-spinner\" style=\"display: none;\" width=\"26\" height=\"26\" alt=\"Wird geladen\"><\/div><\/form><\/div>  <!-- .wpforms-container -->\n","protected":false},"excerpt":{"rendered":"<p>Ich m\u00f6chte Mitglied des Vereins Senioren NetzWERK Gersau werden. Der Verein Senioren NetzWERK verpflichtet sich, pers\u00f6nliche Daten seiner Mitglieder entsprechend dem g\u00fcltigen Datenschutz Gesetz f\u00fcr Vereine zu behandeln. Mit meiner Anmeldung erlaube ich dem Verein Senioren NetzWERK, meine pers\u00f6nlichen Daten in gesetzlich erlaubten Rahmen zu speichern und zu nutzen. Der Jahresbeitrag betr\u00e4gt CHF 20.-\u00a0\u00a0\u00a0 Statuten\u00a0 [&hellip;]<\/p>\n","protected":false},"author":1,"featured_media":0,"parent":0,"menu_order":0,"comment_status":"closed","ping_status":"closed","template":"page-no-separators","meta":{"_monsterinsights_skip_tracking":false,"_monsterinsights_sitenote_active":false,"_monsterinsights_sitenote_note":"","_monsterinsights_sitenote_category":0,"footnotes":""},"class_list":["post-61","page","type-page","status-publish","hentry"],"yoast_head":"<!-- This site is optimized with the Yoast SEO plugin v27.3 - https:\/\/yoast.com\/product\/yoast-seo-wordpress\/ -->\n<title>Anmeldung - Senioren NetzWERK<\/title>\n<meta name=\"robots\" content=\"index, follow, max-snippet:-1, max-image-preview:large, max-video-preview:-1\" \/>\n<link rel=\"canonical\" href=\"https:\/\/senioren-netzwerk.ch\/index.php\/anmeldung\/\" \/>\n<meta property=\"og:locale\" content=\"de_DE\" \/>\n<meta property=\"og:type\" content=\"article\" \/>\n<meta property=\"og:title\" content=\"Anmeldung - Senioren NetzWERK\" \/>\n<meta property=\"og:description\" content=\"Ich m\u00f6chte Mitglied des Vereins Senioren NetzWERK Gersau werden. Der Verein Senioren NetzWERK verpflichtet sich, pers\u00f6nliche Daten seiner Mitglieder entsprechend dem g\u00fcltigen Datenschutz Gesetz f\u00fcr Vereine zu behandeln. Mit meiner Anmeldung erlaube ich dem Verein Senioren NetzWERK, meine pers\u00f6nlichen Daten in gesetzlich erlaubten Rahmen zu speichern und zu nutzen. Der Jahresbeitrag betr\u00e4gt CHF 20.-\u00a0\u00a0\u00a0 Statuten\u00a0 [&hellip;]\" \/>\n<meta property=\"og:url\" content=\"https:\/\/senioren-netzwerk.ch\/index.php\/anmeldung\/\" \/>\n<meta property=\"og:site_name\" content=\"Senioren NetzWERK\" \/>\n<meta property=\"article:modified_time\" content=\"2026-02-08T13:25:00+00:00\" \/>\n<meta name=\"twitter:card\" content=\"summary_large_image\" \/>\n<meta name=\"twitter:label1\" content=\"Gesch\u00e4tzte Lesezeit\" \/>\n\t<meta name=\"twitter:data1\" content=\"1\u00a0Minute\" \/>\n<script type=\"application\/ld+json\" class=\"yoast-schema-graph\">{\"@context\":\"https:\\\/\\\/schema.org\",\"@graph\":[{\"@type\":\"WebPage\",\"@id\":\"https:\\\/\\\/senioren-netzwerk.ch\\\/index.php\\\/anmeldung\\\/\",\"url\":\"https:\\\/\\\/senioren-netzwerk.ch\\\/index.php\\\/anmeldung\\\/\",\"name\":\"Anmeldung - Senioren NetzWERK\",\"isPartOf\":{\"@id\":\"https:\\\/\\\/senioren-netzwerk.ch\\\/#website\"},\"datePublished\":\"2023-11-27T17:09:33+00:00\",\"dateModified\":\"2026-02-08T13:25:00+00:00\",\"breadcrumb\":{\"@id\":\"https:\\\/\\\/senioren-netzwerk.ch\\\/index.php\\\/anmeldung\\\/#breadcrumb\"},\"inLanguage\":\"de\",\"potentialAction\":[{\"@type\":\"ReadAction\",\"target\":[\"https:\\\/\\\/senioren-netzwerk.ch\\\/index.php\\\/anmeldung\\\/\"]}]},{\"@type\":\"BreadcrumbList\",\"@id\":\"https:\\\/\\\/senioren-netzwerk.ch\\\/index.php\\\/anmeldung\\\/#breadcrumb\",\"itemListElement\":[{\"@type\":\"ListItem\",\"position\":1,\"name\":\"Startseite\",\"item\":\"https:\\\/\\\/senioren-netzwerk.ch\\\/\"},{\"@type\":\"ListItem\",\"position\":2,\"name\":\"Anmeldung\"}]},{\"@type\":\"WebSite\",\"@id\":\"https:\\\/\\\/senioren-netzwerk.ch\\\/#website\",\"url\":\"https:\\\/\\\/senioren-netzwerk.ch\\\/\",\"name\":\"Senioren NetzWERK\",\"description\":\"\",\"publisher\":{\"@id\":\"https:\\\/\\\/senioren-netzwerk.ch\\\/#organization\"},\"potentialAction\":[{\"@type\":\"SearchAction\",\"target\":{\"@type\":\"EntryPoint\",\"urlTemplate\":\"https:\\\/\\\/senioren-netzwerk.ch\\\/?s={search_term_string}\"},\"query-input\":{\"@type\":\"PropertyValueSpecification\",\"valueRequired\":true,\"valueName\":\"search_term_string\"}}],\"inLanguage\":\"de\"},{\"@type\":\"Organization\",\"@id\":\"https:\\\/\\\/senioren-netzwerk.ch\\\/#organization\",\"name\":\"Senioren NetzWERK\",\"url\":\"https:\\\/\\\/senioren-netzwerk.ch\\\/\",\"logo\":{\"@type\":\"ImageObject\",\"inLanguage\":\"de\",\"@id\":\"https:\\\/\\\/senioren-netzwerk.ch\\\/#\\\/schema\\\/logo\\\/image\\\/\",\"url\":\"https:\\\/\\\/senioren-netzwerk.ch\\\/wp-content\\\/uploads\\\/2023\\\/10\\\/cropped-Senioren-NetzWERK-Gersau-Logo.jpg\",\"contentUrl\":\"https:\\\/\\\/senioren-netzwerk.ch\\\/wp-content\\\/uploads\\\/2023\\\/10\\\/cropped-Senioren-NetzWERK-Gersau-Logo.jpg\",\"width\":1292,\"height\":677,\"caption\":\"Senioren NetzWERK\"},\"image\":{\"@id\":\"https:\\\/\\\/senioren-netzwerk.ch\\\/#\\\/schema\\\/logo\\\/image\\\/\"}}]}<\/script>\n<!-- \/ Yoast SEO plugin. -->","yoast_head_json":{"title":"Anmeldung - Senioren NetzWERK","robots":{"index":"index","follow":"follow","max-snippet":"max-snippet:-1","max-image-preview":"max-image-preview:large","max-video-preview":"max-video-preview:-1"},"canonical":"https:\/\/senioren-netzwerk.ch\/index.php\/anmeldung\/","og_locale":"de_DE","og_type":"article","og_title":"Anmeldung - Senioren NetzWERK","og_description":"Ich m\u00f6chte Mitglied des Vereins Senioren NetzWERK Gersau werden. Der Verein Senioren NetzWERK verpflichtet sich, pers\u00f6nliche Daten seiner Mitglieder entsprechend dem g\u00fcltigen Datenschutz Gesetz f\u00fcr Vereine zu behandeln. Mit meiner Anmeldung erlaube ich dem Verein Senioren NetzWERK, meine pers\u00f6nlichen Daten in gesetzlich erlaubten Rahmen zu speichern und zu nutzen. Der Jahresbeitrag betr\u00e4gt CHF 20.-\u00a0\u00a0\u00a0 Statuten\u00a0 [&hellip;]","og_url":"https:\/\/senioren-netzwerk.ch\/index.php\/anmeldung\/","og_site_name":"Senioren NetzWERK","article_modified_time":"2026-02-08T13:25:00+00:00","twitter_card":"summary_large_image","twitter_misc":{"Gesch\u00e4tzte Lesezeit":"1\u00a0Minute"},"schema":{"@context":"https:\/\/schema.org","@graph":[{"@type":"WebPage","@id":"https:\/\/senioren-netzwerk.ch\/index.php\/anmeldung\/","url":"https:\/\/senioren-netzwerk.ch\/index.php\/anmeldung\/","name":"Anmeldung - Senioren NetzWERK","isPartOf":{"@id":"https:\/\/senioren-netzwerk.ch\/#website"},"datePublished":"2023-11-27T17:09:33+00:00","dateModified":"2026-02-08T13:25:00+00:00","breadcrumb":{"@id":"https:\/\/senioren-netzwerk.ch\/index.php\/anmeldung\/#breadcrumb"},"inLanguage":"de","potentialAction":[{"@type":"ReadAction","target":["https:\/\/senioren-netzwerk.ch\/index.php\/anmeldung\/"]}]},{"@type":"BreadcrumbList","@id":"https:\/\/senioren-netzwerk.ch\/index.php\/anmeldung\/#breadcrumb","itemListElement":[{"@type":"ListItem","position":1,"name":"Startseite","item":"https:\/\/senioren-netzwerk.ch\/"},{"@type":"ListItem","position":2,"name":"Anmeldung"}]},{"@type":"WebSite","@id":"https:\/\/senioren-netzwerk.ch\/#website","url":"https:\/\/senioren-netzwerk.ch\/","name":"Senioren NetzWERK","description":"","publisher":{"@id":"https:\/\/senioren-netzwerk.ch\/#organization"},"potentialAction":[{"@type":"SearchAction","target":{"@type":"EntryPoint","urlTemplate":"https:\/\/senioren-netzwerk.ch\/?s={search_term_string}"},"query-input":{"@type":"PropertyValueSpecification","valueRequired":true,"valueName":"search_term_string"}}],"inLanguage":"de"},{"@type":"Organization","@id":"https:\/\/senioren-netzwerk.ch\/#organization","name":"Senioren NetzWERK","url":"https:\/\/senioren-netzwerk.ch\/","logo":{"@type":"ImageObject","inLanguage":"de","@id":"https:\/\/senioren-netzwerk.ch\/#\/schema\/logo\/image\/","url":"https:\/\/senioren-netzwerk.ch\/wp-content\/uploads\/2023\/10\/cropped-Senioren-NetzWERK-Gersau-Logo.jpg","contentUrl":"https:\/\/senioren-netzwerk.ch\/wp-content\/uploads\/2023\/10\/cropped-Senioren-NetzWERK-Gersau-Logo.jpg","width":1292,"height":677,"caption":"Senioren NetzWERK"},"image":{"@id":"https:\/\/senioren-netzwerk.ch\/#\/schema\/logo\/image\/"}}]}},"jetpack_sharing_enabled":true,"_links":{"self":[{"href":"https:\/\/senioren-netzwerk.ch\/index.php\/wp-json\/wp\/v2\/pages\/61","targetHints":{"allow":["GET"]}}],"collection":[{"href":"https:\/\/senioren-netzwerk.ch\/index.php\/wp-json\/wp\/v2\/pages"}],"about":[{"href":"https:\/\/senioren-netzwerk.ch\/index.php\/wp-json\/wp\/v2\/types\/page"}],"author":[{"embeddable":true,"href":"https:\/\/senioren-netzwerk.ch\/index.php\/wp-json\/wp\/v2\/users\/1"}],"replies":[{"embeddable":true,"href":"https:\/\/senioren-netzwerk.ch\/index.php\/wp-json\/wp\/v2\/comments?post=61"}],"version-history":[{"count":6,"href":"https:\/\/senioren-netzwerk.ch\/index.php\/wp-json\/wp\/v2\/pages\/61\/revisions"}],"predecessor-version":[{"id":1340,"href":"https:\/\/senioren-netzwerk.ch\/index.php\/wp-json\/wp\/v2\/pages\/61\/revisions\/1340"}],"wp:attachment":[{"href":"https:\/\/senioren-netzwerk.ch\/index.php\/wp-json\/wp\/v2\/media?parent=61"}],"curies":[{"name":"wp","href":"https:\/\/api.w.org\/{rel}","templated":true}]}}