{"id":88,"date":"2023-11-28T14:44:04","date_gmt":"2023-11-28T14:44:04","guid":{"rendered":"https:\/\/senioren-netzwerk.ch\/?page_id=88"},"modified":"2026-02-08T13:40:05","modified_gmt":"2026-02-08T12:40:05","slug":"senioren-helfen-senioren","status":"publish","type":"page","link":"https:\/\/senioren-netzwerk.ch\/index.php\/senioren-helfen-senioren\/","title":{"rendered":"Senioren helfen Senioren"},"content":{"rendered":"\t\t<div data-elementor-type=\"wp-page\" data-elementor-id=\"88\" class=\"elementor elementor-88\">\n\t\t\t\t<div class=\"elementor-element elementor-element-28f756ed e-flex e-con-boxed e-con e-parent\" data-id=\"28f756ed\" data-element_type=\"container\" data-e-type=\"container\">\n\t\t\t\t\t<div class=\"e-con-inner\">\n\t\t\t\t<div class=\"elementor-element elementor-element-57cd035a elementor-widget elementor-widget-text-editor\" data-id=\"57cd035a\" data-element_type=\"widget\" data-e-type=\"widget\" data-widget_type=\"text-editor.default\">\n\t\t\t\t<div class=\"elementor-widget-container\">\n\t\t\t\t\t\t\t\t\t<p>Weil wir auch als Einwohner zur positiven Weiterentwicklung des Bezirks beitragen m\u00f6chten, haben wir den Verein Senioren NetzWERK gegr\u00fcndet.<\/p><p>Nebst vielf\u00e4ltigen Koordinationsfunktionen, die dieser Verein im Seniorenbereich \u00fcbernehmen wird, ist es f\u00fcr uns ein zentrales Anliegen, die Freiwilligenarbeit f\u00fcr die Senioren zu f\u00f6rdern. Gersau ist keine anonyme Grossstadt, sondern ein Bezirk, in dem wir uns f\u00fcreinander einsetzen k\u00f6nnen und keine \u00e4ltere Person ihr Leben alleine oder sogar einsam meistern muss, die das nicht so m\u00f6chte.<\/p>\t\t\t\t\t\t\t\t<\/div>\n\t\t\t\t<\/div>\n\t\t\t\t<div class=\"elementor-element elementor-element-07caaf6 elementor-widget elementor-widget-spacer\" data-id=\"07caaf6\" data-element_type=\"widget\" data-e-type=\"widget\" data-widget_type=\"spacer.default\">\n\t\t\t\t<div class=\"elementor-widget-container\">\n\t\t\t\t\t\t\t<div class=\"elementor-spacer\">\n\t\t\t<div class=\"elementor-spacer-inner\"><\/div>\n\t\t<\/div>\n\t\t\t\t\t\t<\/div>\n\t\t\t\t<\/div>\n\t\t\t\t<div class=\"elementor-element elementor-element-3da5836 elementor-widget elementor-widget-heading\" data-id=\"3da5836\" data-element_type=\"widget\" data-e-type=\"widget\" data-widget_type=\"heading.default\">\n\t\t\t\t<div class=\"elementor-widget-container\">\n\t\t\t\t\t<h2 class=\"elementor-heading-title elementor-size-default\">SENIOREN HELFEN SENIOREN<\/h2>\t\t\t\t<\/div>\n\t\t\t\t<\/div>\n\t\t\t\t\t<\/div>\n\t\t\t\t<\/div>\n\t\t<div class=\"elementor-element elementor-element-6f7c8b3 e-flex e-con-boxed e-con e-parent\" data-id=\"6f7c8b3\" data-element_type=\"container\" data-e-type=\"container\">\n\t\t\t\t\t<div class=\"e-con-inner\">\n\t\t\t\t<div class=\"elementor-element elementor-element-3ddb4af elementor-widget elementor-widget-image\" data-id=\"3ddb4af\" data-element_type=\"widget\" data-e-type=\"widget\" data-widget_type=\"image.default\">\n\t\t\t\t<div class=\"elementor-widget-container\">\n\t\t\t\t\t\t\t\t\t\t\t\t\t\t\t\t<a href=\"https:\/\/senioren-netzwerk.ch\/index.php\/informatik-hilfe\/\">\n\t\t\t\t\t\t\t<img fetchpriority=\"high\" decoding=\"async\" width=\"1024\" height=\"199\" src=\"https:\/\/senioren-netzwerk.ch\/wp-content\/uploads\/2024\/10\/IT-Hilfe-mit-Text-1024x199.jpg\" class=\"attachment-large size-large wp-image-480\" alt=\"Senioren NetzWERK IT-Hilfe\" srcset=\"https:\/\/senioren-netzwerk.ch\/wp-content\/uploads\/2024\/10\/IT-Hilfe-mit-Text-1024x199.jpg 1024w, https:\/\/senioren-netzwerk.ch\/wp-content\/uploads\/2024\/10\/IT-Hilfe-mit-Text-300x58.jpg 300w, https:\/\/senioren-netzwerk.ch\/wp-content\/uploads\/2024\/10\/IT-Hilfe-mit-Text-768x149.jpg 768w, https:\/\/senioren-netzwerk.ch\/wp-content\/uploads\/2024\/10\/IT-Hilfe-mit-Text-1536x298.jpg 1536w, https:\/\/senioren-netzwerk.ch\/wp-content\/uploads\/2024\/10\/IT-Hilfe-mit-Text.jpg 1630w\" sizes=\"(max-width: 1024px) 100vw, 1024px\" \/>\t\t\t\t\t\t\t\t<\/a>\n\t\t\t\t\t\t\t\t\t\t\t\t\t\t\t<\/div>\n\t\t\t\t<\/div>\n\t\t\t\t<div class=\"elementor-element elementor-element-af8a9a2 elementor-widget elementor-widget-image\" data-id=\"af8a9a2\" data-element_type=\"widget\" data-e-type=\"widget\" data-widget_type=\"image.default\">\n\t\t\t\t<div class=\"elementor-widget-container\">\n\t\t\t\t\t\t\t\t\t\t\t\t\t\t\t\t<a href=\"https:\/\/senioren-netzwerk.ch\/index.php\/handwerk-hilfe\/\">\n\t\t\t\t\t\t\t<img decoding=\"async\" width=\"1024\" height=\"200\" src=\"https:\/\/senioren-netzwerk.ch\/wp-content\/uploads\/2024\/10\/Arbeits-Hilfre-mit-Text-1024x200.jpg\" class=\"attachment-large size-large wp-image-481\" alt=\"\" srcset=\"https:\/\/senioren-netzwerk.ch\/wp-content\/uploads\/2024\/10\/Arbeits-Hilfre-mit-Text-1024x200.jpg 1024w, https:\/\/senioren-netzwerk.ch\/wp-content\/uploads\/2024\/10\/Arbeits-Hilfre-mit-Text-300x59.jpg 300w, https:\/\/senioren-netzwerk.ch\/wp-content\/uploads\/2024\/10\/Arbeits-Hilfre-mit-Text-768x150.jpg 768w, https:\/\/senioren-netzwerk.ch\/wp-content\/uploads\/2024\/10\/Arbeits-Hilfre-mit-Text-1536x300.jpg 1536w, https:\/\/senioren-netzwerk.ch\/wp-content\/uploads\/2024\/10\/Arbeits-Hilfre-mit-Text.jpg 1629w\" sizes=\"(max-width: 1024px) 100vw, 1024px\" \/>\t\t\t\t\t\t\t\t<\/a>\n\t\t\t\t\t\t\t\t\t\t\t\t\t\t\t<\/div>\n\t\t\t\t<\/div>\n\t\t\t\t<div class=\"elementor-element elementor-element-c855d4b elementor-widget elementor-widget-image\" data-id=\"c855d4b\" data-element_type=\"widget\" data-e-type=\"widget\" data-widget_type=\"image.default\">\n\t\t\t\t<div class=\"elementor-widget-container\">\n\t\t\t\t\t\t\t\t\t\t\t\t\t\t\t\t<a href=\"https:\/\/senioren-netzwerk.ch\/index.php\/finanzen-hilfe\/%20\">\n\t\t\t\t\t\t\t<img decoding=\"async\" width=\"1024\" height=\"211\" src=\"https:\/\/senioren-netzwerk.ch\/wp-content\/uploads\/2025\/07\/Hilfe-Finanzen-1-1024x211.jpg\" class=\"attachment-large size-large wp-image-971\" alt=\"Hilfe Finanzen\" srcset=\"https:\/\/senioren-netzwerk.ch\/wp-content\/uploads\/2025\/07\/Hilfe-Finanzen-1-1024x211.jpg 1024w, https:\/\/senioren-netzwerk.ch\/wp-content\/uploads\/2025\/07\/Hilfe-Finanzen-1-300x62.jpg 300w, https:\/\/senioren-netzwerk.ch\/wp-content\/uploads\/2025\/07\/Hilfe-Finanzen-1-768x159.jpg 768w, https:\/\/senioren-netzwerk.ch\/wp-content\/uploads\/2025\/07\/Hilfe-Finanzen-1.jpg 1182w\" sizes=\"(max-width: 1024px) 100vw, 1024px\" \/>\t\t\t\t\t\t\t\t<\/a>\n\t\t\t\t\t\t\t\t\t\t\t\t\t\t\t<\/div>\n\t\t\t\t<\/div>\n\t\t\t\t\t<\/div>\n\t\t\t\t<\/div>\n\t\t<div class=\"elementor-element elementor-element-6f312d0 e-flex e-con-boxed e-con e-parent\" data-id=\"6f312d0\" data-element_type=\"container\" data-e-type=\"container\">\n\t\t\t\t\t<div class=\"e-con-inner\">\n\t\t\t\t<div class=\"elementor-element elementor-element-f4186ad elementor-widget elementor-widget-spacer\" data-id=\"f4186ad\" data-element_type=\"widget\" data-e-type=\"widget\" data-widget_type=\"spacer.default\">\n\t\t\t\t<div class=\"elementor-widget-container\">\n\t\t\t\t\t\t\t<div class=\"elementor-spacer\">\n\t\t\t<div class=\"elementor-spacer-inner\"><\/div>\n\t\t<\/div>\n\t\t\t\t\t\t<\/div>\n\t\t\t\t<\/div>\n\t\t<div class=\"elementor-element elementor-element-48d4654 e-con-full e-flex e-con e-child\" data-id=\"48d4654\" data-element_type=\"container\" data-e-type=\"container\">\n\t\t\t\t<div class=\"elementor-element elementor-element-a39bf88 elementor-widget elementor-widget-heading\" data-id=\"a39bf88\" data-element_type=\"widget\" data-e-type=\"widget\" data-widget_type=\"heading.default\">\n\t\t\t\t<div class=\"elementor-widget-container\">\n\t\t\t\t\t<h2 class=\"elementor-heading-title elementor-size-default\">SENIOREN TEFFEN SENIOREN<\/h2>\t\t\t\t<\/div>\n\t\t\t\t<\/div>\n\t\t\t\t<\/div>\n\t\t\t\t<div class=\"elementor-element elementor-element-3edb4f9 elementor-widget elementor-widget-image\" data-id=\"3edb4f9\" data-element_type=\"widget\" data-e-type=\"widget\" data-widget_type=\"image.default\">\n\t\t\t\t<div class=\"elementor-widget-container\">\n\t\t\t\t\t\t\t\t\t\t\t\t\t\t\t\t<a href=\"https:\/\/senioren-netzwerk.ch\/index.php\/gemuetliches-treffen\/\">\n\t\t\t\t\t\t\t<img loading=\"lazy\" decoding=\"async\" width=\"1024\" height=\"199\" src=\"https:\/\/senioren-netzwerk.ch\/wp-content\/uploads\/2024\/10\/Gemuetliches-Treffen-mit-Text-1024x199.jpg\" class=\"attachment-large size-large wp-image-482\" alt=\"Senioren NetzWERK Treffen\" srcset=\"https:\/\/senioren-netzwerk.ch\/wp-content\/uploads\/2024\/10\/Gemuetliches-Treffen-mit-Text-1024x199.jpg 1024w, https:\/\/senioren-netzwerk.ch\/wp-content\/uploads\/2024\/10\/Gemuetliches-Treffen-mit-Text-300x58.jpg 300w, https:\/\/senioren-netzwerk.ch\/wp-content\/uploads\/2024\/10\/Gemuetliches-Treffen-mit-Text-768x149.jpg 768w, https:\/\/senioren-netzwerk.ch\/wp-content\/uploads\/2024\/10\/Gemuetliches-Treffen-mit-Text-1536x299.jpg 1536w, https:\/\/senioren-netzwerk.ch\/wp-content\/uploads\/2024\/10\/Gemuetliches-Treffen-mit-Text.jpg 1629w\" sizes=\"(max-width: 1024px) 100vw, 1024px\" \/>\t\t\t\t\t\t\t\t<\/a>\n\t\t\t\t\t\t\t\t\t\t\t\t\t\t\t<\/div>\n\t\t\t\t<\/div>\n\t\t\t\t<div class=\"elementor-element elementor-element-80e2ae3 elementor-widget elementor-widget-spacer\" data-id=\"80e2ae3\" data-element_type=\"widget\" data-e-type=\"widget\" data-widget_type=\"spacer.default\">\n\t\t\t\t<div class=\"elementor-widget-container\">\n\t\t\t\t\t\t\t<div class=\"elementor-spacer\">\n\t\t\t<div class=\"elementor-spacer-inner\"><\/div>\n\t\t<\/div>\n\t\t\t\t\t\t<\/div>\n\t\t\t\t<\/div>\n\t\t\t\t<div class=\"elementor-element elementor-element-1188996 elementor-widget elementor-widget-heading\" data-id=\"1188996\" data-element_type=\"widget\" data-e-type=\"widget\" data-widget_type=\"heading.default\">\n\t\t\t\t<div class=\"elementor-widget-container\">\n\t\t\t\t\t<h2 class=\"elementor-heading-title elementor-size-default\">PROFESSIONELLE HILFE F\u00dcR SENIOREN<\/h2>\t\t\t\t<\/div>\n\t\t\t\t<\/div>\n\t\t\t\t<div class=\"elementor-element elementor-element-3c7d335 elementor-widget elementor-widget-image\" data-id=\"3c7d335\" data-element_type=\"widget\" data-e-type=\"widget\" data-widget_type=\"image.default\">\n\t\t\t\t<div class=\"elementor-widget-container\">\n\t\t\t\t\t\t\t\t\t\t\t\t\t\t\t\t<a href=\"https:\/\/senioren-netzwerk.ch\/index.php\/rotes_kreuz\/\">\n\t\t\t\t\t\t\t<img loading=\"lazy\" decoding=\"async\" width=\"1024\" height=\"217\" src=\"https:\/\/senioren-netzwerk.ch\/wp-content\/uploads\/2026\/02\/Rotes-Kreuz-Kanton-Schwyz-1024x217.jpg\" class=\"attachment-large size-large wp-image-1332\" alt=\"\" srcset=\"https:\/\/senioren-netzwerk.ch\/wp-content\/uploads\/2026\/02\/Rotes-Kreuz-Kanton-Schwyz-1024x217.jpg 1024w, https:\/\/senioren-netzwerk.ch\/wp-content\/uploads\/2026\/02\/Rotes-Kreuz-Kanton-Schwyz-300x64.jpg 300w, https:\/\/senioren-netzwerk.ch\/wp-content\/uploads\/2026\/02\/Rotes-Kreuz-Kanton-Schwyz-768x163.jpg 768w, https:\/\/senioren-netzwerk.ch\/wp-content\/uploads\/2026\/02\/Rotes-Kreuz-Kanton-Schwyz.jpg 1447w\" sizes=\"(max-width: 1024px) 100vw, 1024px\" \/>\t\t\t\t\t\t\t\t<\/a>\n\t\t\t\t\t\t\t\t\t\t\t\t\t\t\t<\/div>\n\t\t\t\t<\/div>\n\t\t\t\t<div class=\"elementor-element elementor-element-2cc6117 elementor-widget elementor-widget-image\" data-id=\"2cc6117\" data-element_type=\"widget\" data-e-type=\"widget\" data-widget_type=\"image.default\">\n\t\t\t\t<div class=\"elementor-widget-container\">\n\t\t\t\t\t\t\t\t\t\t\t\t\t\t\t\t<a href=\"https:\/\/senioren-netzwerk.ch\/index.php\/sicherheit\/\">\n\t\t\t\t\t\t\t<img loading=\"lazy\" decoding=\"async\" width=\"1024\" height=\"204\" src=\"https:\/\/senioren-netzwerk.ch\/wp-content\/uploads\/2025\/05\/Sicherheit-im-Alter-mit-Text-1024x204.jpg\" class=\"attachment-large size-large wp-image-906\" alt=\"Senioren NetzWERK - Sicherheit im Alter\" srcset=\"https:\/\/senioren-netzwerk.ch\/wp-content\/uploads\/2025\/05\/Sicherheit-im-Alter-mit-Text-1024x204.jpg 1024w, https:\/\/senioren-netzwerk.ch\/wp-content\/uploads\/2025\/05\/Sicherheit-im-Alter-mit-Text-300x60.jpg 300w, https:\/\/senioren-netzwerk.ch\/wp-content\/uploads\/2025\/05\/Sicherheit-im-Alter-mit-Text-768x153.jpg 768w, https:\/\/senioren-netzwerk.ch\/wp-content\/uploads\/2025\/05\/Sicherheit-im-Alter-mit-Text.jpg 1307w\" sizes=\"(max-width: 1024px) 100vw, 1024px\" \/>\t\t\t\t\t\t\t\t<\/a>\n\t\t\t\t\t\t\t\t\t\t\t\t\t\t\t<\/div>\n\t\t\t\t<\/div>\n\t\t\t\t<div class=\"elementor-element elementor-element-ce18111 elementor-widget elementor-widget-spacer\" data-id=\"ce18111\" data-element_type=\"widget\" data-e-type=\"widget\" data-widget_type=\"spacer.default\">\n\t\t\t\t<div class=\"elementor-widget-container\">\n\t\t\t\t\t\t\t<div class=\"elementor-spacer\">\n\t\t\t<div class=\"elementor-spacer-inner\"><\/div>\n\t\t<\/div>\n\t\t\t\t\t\t<\/div>\n\t\t\t\t<\/div>\n\t\t\t\t<div class=\"elementor-element elementor-element-4631939 elementor-widget elementor-widget-text-editor\" data-id=\"4631939\" data-element_type=\"widget\" data-e-type=\"widget\" data-widget_type=\"text-editor.default\">\n\t\t\t\t<div class=\"elementor-widget-container\">\n\t\t\t\t\t\t\t\t\t<p>Helfen Sie mit und melden Sie sich bei uns an. <span style=\"text-decoration: underline;\"><a href=\"https:\/\/senioren-netzwerk.ch\/index.php\/anmeldung\/\">Anmeldung<\/a><\/span><\/p><p>W\u00fcnsche und Anregungen nehmen wir <a href=\"https:\/\/senioren-netzwerk.ch\/index.php\/wuensche-und-anregungen\/\"><span style=\"text-decoration: underline;\">hier<\/span><\/a> gerne entgegen.<\/p>\t\t\t\t\t\t\t\t<\/div>\n\t\t\t\t<\/div>\n\t\t\t\t\t<\/div>\n\t\t\t\t<\/div>\n\t\t\t\t<\/div>\n\t\t","protected":false},"excerpt":{"rendered":"<p>Weil wir auch als Einwohner zur positiven Weiterentwicklung des Bezirks beitragen m\u00f6chten, haben wir den Verein Senioren NetzWERK gegr\u00fcndet. Nebst vielf\u00e4ltigen Koordinationsfunktionen, die dieser Verein im Seniorenbereich \u00fcbernehmen wird, ist es f\u00fcr uns ein zentrales Anliegen, die Freiwilligenarbeit f\u00fcr die Senioren zu f\u00f6rdern. Gersau ist keine anonyme Grossstadt, sondern ein Bezirk, in dem wir uns [&hellip;]<\/p>\n","protected":false},"author":1,"featured_media":0,"parent":0,"menu_order":0,"comment_status":"closed","ping_status":"closed","template":"page-no-separators","meta":{"_monsterinsights_skip_tracking":false,"_monsterinsights_sitenote_active":false,"_monsterinsights_sitenote_note":"","_monsterinsights_sitenote_category":0,"footnotes":""},"class_list":["post-88","page","type-page","status-publish","hentry"],"yoast_head":"<!-- This site is optimized with the Yoast SEO plugin v27.3 - https:\/\/yoast.com\/product\/yoast-seo-wordpress\/ -->\n<title>Senioren helfen Senioren - Senioren NetzWERK<\/title>\n<meta name=\"description\" content=\"Entdecken Sie &#039;Senioren helfen Senioren&#039; - ein Netzwerk f\u00fcr gegenseitige Unterst\u00fctzung im Alltag. Erfahren Sie, wie \u00e4ltere Menschen voneinander profitieren, Gemeinschaft erleben und aktiv bleiben. Hilfe von Gleichgesinnten f\u00fcr mehr Lebensqualit\u00e4t im Alter.\" \/>\n<meta name=\"robots\" content=\"index, follow, max-snippet:-1, max-image-preview:large, max-video-preview:-1\" \/>\n<link rel=\"canonical\" href=\"https:\/\/senioren-netzwerk.ch\/index.php\/senioren-helfen-senioren\/\" \/>\n<meta property=\"og:locale\" content=\"de_DE\" \/>\n<meta property=\"og:type\" content=\"article\" \/>\n<meta property=\"og:title\" content=\"Senioren helfen Senioren - Senioren NetzWERK\" \/>\n<meta property=\"og:description\" content=\"Entdecken Sie &#039;Senioren helfen Senioren&#039; - ein Netzwerk f\u00fcr gegenseitige Unterst\u00fctzung im Alltag. Erfahren Sie, wie \u00e4ltere Menschen voneinander profitieren, Gemeinschaft erleben und aktiv bleiben. Hilfe von Gleichgesinnten f\u00fcr mehr Lebensqualit\u00e4t im Alter.\" \/>\n<meta property=\"og:url\" content=\"https:\/\/senioren-netzwerk.ch\/index.php\/senioren-helfen-senioren\/\" \/>\n<meta property=\"og:site_name\" content=\"Senioren NetzWERK\" \/>\n<meta property=\"article:modified_time\" content=\"2026-02-08T12:40:05+00:00\" \/>\n<meta property=\"og:image\" content=\"https:\/\/senioren-netzwerk.ch\/wp-content\/uploads\/2024\/10\/IT-Hilfe-mit-Text.jpg\" \/>\n\t<meta property=\"og:image:width\" content=\"1630\" \/>\n\t<meta property=\"og:image:height\" content=\"316\" \/>\n\t<meta property=\"og:image:type\" content=\"image\/jpeg\" \/>\n<meta name=\"twitter:card\" content=\"summary_large_image\" \/>\n<meta name=\"twitter:label1\" content=\"Gesch\u00e4tzte Lesezeit\" \/>\n\t<meta name=\"twitter:data1\" content=\"2\u00a0Minuten\" \/>\n<script type=\"application\/ld+json\" class=\"yoast-schema-graph\">{\"@context\":\"https:\\\/\\\/schema.org\",\"@graph\":[{\"@type\":\"WebPage\",\"@id\":\"https:\\\/\\\/senioren-netzwerk.ch\\\/index.php\\\/senioren-helfen-senioren\\\/\",\"url\":\"https:\\\/\\\/senioren-netzwerk.ch\\\/index.php\\\/senioren-helfen-senioren\\\/\",\"name\":\"Senioren helfen Senioren - Senioren NetzWERK\",\"isPartOf\":{\"@id\":\"https:\\\/\\\/senioren-netzwerk.ch\\\/#website\"},\"primaryImageOfPage\":{\"@id\":\"https:\\\/\\\/senioren-netzwerk.ch\\\/index.php\\\/senioren-helfen-senioren\\\/#primaryimage\"},\"image\":{\"@id\":\"https:\\\/\\\/senioren-netzwerk.ch\\\/index.php\\\/senioren-helfen-senioren\\\/#primaryimage\"},\"thumbnailUrl\":\"https:\\\/\\\/senioren-netzwerk.ch\\\/wp-content\\\/uploads\\\/2024\\\/10\\\/IT-Hilfe-mit-Text-1024x199.jpg\",\"datePublished\":\"2023-11-28T14:44:04+00:00\",\"dateModified\":\"2026-02-08T12:40:05+00:00\",\"description\":\"Entdecken Sie 'Senioren helfen Senioren' - ein Netzwerk f\u00fcr gegenseitige Unterst\u00fctzung im Alltag. Erfahren Sie, wie \u00e4ltere Menschen voneinander profitieren, Gemeinschaft erleben und aktiv bleiben. Hilfe von Gleichgesinnten f\u00fcr mehr Lebensqualit\u00e4t im Alter.\",\"breadcrumb\":{\"@id\":\"https:\\\/\\\/senioren-netzwerk.ch\\\/index.php\\\/senioren-helfen-senioren\\\/#breadcrumb\"},\"inLanguage\":\"de\",\"potentialAction\":[{\"@type\":\"ReadAction\",\"target\":[\"https:\\\/\\\/senioren-netzwerk.ch\\\/index.php\\\/senioren-helfen-senioren\\\/\"]}]},{\"@type\":\"ImageObject\",\"inLanguage\":\"de\",\"@id\":\"https:\\\/\\\/senioren-netzwerk.ch\\\/index.php\\\/senioren-helfen-senioren\\\/#primaryimage\",\"url\":\"https:\\\/\\\/senioren-netzwerk.ch\\\/wp-content\\\/uploads\\\/2024\\\/10\\\/IT-Hilfe-mit-Text.jpg\",\"contentUrl\":\"https:\\\/\\\/senioren-netzwerk.ch\\\/wp-content\\\/uploads\\\/2024\\\/10\\\/IT-Hilfe-mit-Text.jpg\",\"width\":1630,\"height\":316,\"caption\":\"Senioren NetzWERK IT-Hilfe\"},{\"@type\":\"BreadcrumbList\",\"@id\":\"https:\\\/\\\/senioren-netzwerk.ch\\\/index.php\\\/senioren-helfen-senioren\\\/#breadcrumb\",\"itemListElement\":[{\"@type\":\"ListItem\",\"position\":1,\"name\":\"Startseite\",\"item\":\"https:\\\/\\\/senioren-netzwerk.ch\\\/\"},{\"@type\":\"ListItem\",\"position\":2,\"name\":\"Senioren helfen Senioren\"}]},{\"@type\":\"WebSite\",\"@id\":\"https:\\\/\\\/senioren-netzwerk.ch\\\/#website\",\"url\":\"https:\\\/\\\/senioren-netzwerk.ch\\\/\",\"name\":\"Senioren NetzWERK\",\"description\":\"\",\"publisher\":{\"@id\":\"https:\\\/\\\/senioren-netzwerk.ch\\\/#organization\"},\"potentialAction\":[{\"@type\":\"SearchAction\",\"target\":{\"@type\":\"EntryPoint\",\"urlTemplate\":\"https:\\\/\\\/senioren-netzwerk.ch\\\/?s={search_term_string}\"},\"query-input\":{\"@type\":\"PropertyValueSpecification\",\"valueRequired\":true,\"valueName\":\"search_term_string\"}}],\"inLanguage\":\"de\"},{\"@type\":\"Organization\",\"@id\":\"https:\\\/\\\/senioren-netzwerk.ch\\\/#organization\",\"name\":\"Senioren NetzWERK\",\"url\":\"https:\\\/\\\/senioren-netzwerk.ch\\\/\",\"logo\":{\"@type\":\"ImageObject\",\"inLanguage\":\"de\",\"@id\":\"https:\\\/\\\/senioren-netzwerk.ch\\\/#\\\/schema\\\/logo\\\/image\\\/\",\"url\":\"https:\\\/\\\/senioren-netzwerk.ch\\\/wp-content\\\/uploads\\\/2023\\\/10\\\/cropped-Senioren-NetzWERK-Gersau-Logo.jpg\",\"contentUrl\":\"https:\\\/\\\/senioren-netzwerk.ch\\\/wp-content\\\/uploads\\\/2023\\\/10\\\/cropped-Senioren-NetzWERK-Gersau-Logo.jpg\",\"width\":1292,\"height\":677,\"caption\":\"Senioren NetzWERK\"},\"image\":{\"@id\":\"https:\\\/\\\/senioren-netzwerk.ch\\\/#\\\/schema\\\/logo\\\/image\\\/\"}}]}<\/script>\n<!-- \/ Yoast SEO plugin. -->","yoast_head_json":{"title":"Senioren helfen Senioren - Senioren NetzWERK","description":"Entdecken Sie 'Senioren helfen Senioren' - ein Netzwerk f\u00fcr gegenseitige Unterst\u00fctzung im Alltag. Erfahren Sie, wie \u00e4ltere Menschen voneinander profitieren, Gemeinschaft erleben und aktiv bleiben. Hilfe von Gleichgesinnten f\u00fcr mehr Lebensqualit\u00e4t im Alter.","robots":{"index":"index","follow":"follow","max-snippet":"max-snippet:-1","max-image-preview":"max-image-preview:large","max-video-preview":"max-video-preview:-1"},"canonical":"https:\/\/senioren-netzwerk.ch\/index.php\/senioren-helfen-senioren\/","og_locale":"de_DE","og_type":"article","og_title":"Senioren helfen Senioren - Senioren NetzWERK","og_description":"Entdecken Sie 'Senioren helfen Senioren' - ein Netzwerk f\u00fcr gegenseitige Unterst\u00fctzung im Alltag. Erfahren Sie, wie \u00e4ltere Menschen voneinander profitieren, Gemeinschaft erleben und aktiv bleiben. Hilfe von Gleichgesinnten f\u00fcr mehr Lebensqualit\u00e4t im Alter.","og_url":"https:\/\/senioren-netzwerk.ch\/index.php\/senioren-helfen-senioren\/","og_site_name":"Senioren NetzWERK","article_modified_time":"2026-02-08T12:40:05+00:00","og_image":[{"width":1630,"height":316,"url":"https:\/\/senioren-netzwerk.ch\/wp-content\/uploads\/2024\/10\/IT-Hilfe-mit-Text.jpg","type":"image\/jpeg"}],"twitter_card":"summary_large_image","twitter_misc":{"Gesch\u00e4tzte Lesezeit":"2\u00a0Minuten"},"schema":{"@context":"https:\/\/schema.org","@graph":[{"@type":"WebPage","@id":"https:\/\/senioren-netzwerk.ch\/index.php\/senioren-helfen-senioren\/","url":"https:\/\/senioren-netzwerk.ch\/index.php\/senioren-helfen-senioren\/","name":"Senioren helfen Senioren - Senioren NetzWERK","isPartOf":{"@id":"https:\/\/senioren-netzwerk.ch\/#website"},"primaryImageOfPage":{"@id":"https:\/\/senioren-netzwerk.ch\/index.php\/senioren-helfen-senioren\/#primaryimage"},"image":{"@id":"https:\/\/senioren-netzwerk.ch\/index.php\/senioren-helfen-senioren\/#primaryimage"},"thumbnailUrl":"https:\/\/senioren-netzwerk.ch\/wp-content\/uploads\/2024\/10\/IT-Hilfe-mit-Text-1024x199.jpg","datePublished":"2023-11-28T14:44:04+00:00","dateModified":"2026-02-08T12:40:05+00:00","description":"Entdecken Sie 'Senioren helfen Senioren' - ein Netzwerk f\u00fcr gegenseitige Unterst\u00fctzung im Alltag. Erfahren Sie, wie \u00e4ltere Menschen voneinander profitieren, Gemeinschaft erleben und aktiv bleiben. Hilfe von Gleichgesinnten f\u00fcr mehr Lebensqualit\u00e4t im Alter.","breadcrumb":{"@id":"https:\/\/senioren-netzwerk.ch\/index.php\/senioren-helfen-senioren\/#breadcrumb"},"inLanguage":"de","potentialAction":[{"@type":"ReadAction","target":["https:\/\/senioren-netzwerk.ch\/index.php\/senioren-helfen-senioren\/"]}]},{"@type":"ImageObject","inLanguage":"de","@id":"https:\/\/senioren-netzwerk.ch\/index.php\/senioren-helfen-senioren\/#primaryimage","url":"https:\/\/senioren-netzwerk.ch\/wp-content\/uploads\/2024\/10\/IT-Hilfe-mit-Text.jpg","contentUrl":"https:\/\/senioren-netzwerk.ch\/wp-content\/uploads\/2024\/10\/IT-Hilfe-mit-Text.jpg","width":1630,"height":316,"caption":"Senioren NetzWERK IT-Hilfe"},{"@type":"BreadcrumbList","@id":"https:\/\/senioren-netzwerk.ch\/index.php\/senioren-helfen-senioren\/#breadcrumb","itemListElement":[{"@type":"ListItem","position":1,"name":"Startseite","item":"https:\/\/senioren-netzwerk.ch\/"},{"@type":"ListItem","position":2,"name":"Senioren helfen Senioren"}]},{"@type":"WebSite","@id":"https:\/\/senioren-netzwerk.ch\/#website","url":"https:\/\/senioren-netzwerk.ch\/","name":"Senioren NetzWERK","description":"","publisher":{"@id":"https:\/\/senioren-netzwerk.ch\/#organization"},"potentialAction":[{"@type":"SearchAction","target":{"@type":"EntryPoint","urlTemplate":"https:\/\/senioren-netzwerk.ch\/?s={search_term_string}"},"query-input":{"@type":"PropertyValueSpecification","valueRequired":true,"valueName":"search_term_string"}}],"inLanguage":"de"},{"@type":"Organization","@id":"https:\/\/senioren-netzwerk.ch\/#organization","name":"Senioren NetzWERK","url":"https:\/\/senioren-netzwerk.ch\/","logo":{"@type":"ImageObject","inLanguage":"de","@id":"https:\/\/senioren-netzwerk.ch\/#\/schema\/logo\/image\/","url":"https:\/\/senioren-netzwerk.ch\/wp-content\/uploads\/2023\/10\/cropped-Senioren-NetzWERK-Gersau-Logo.jpg","contentUrl":"https:\/\/senioren-netzwerk.ch\/wp-content\/uploads\/2023\/10\/cropped-Senioren-NetzWERK-Gersau-Logo.jpg","width":1292,"height":677,"caption":"Senioren NetzWERK"},"image":{"@id":"https:\/\/senioren-netzwerk.ch\/#\/schema\/logo\/image\/"}}]}},"jetpack_sharing_enabled":true,"_links":{"self":[{"href":"https:\/\/senioren-netzwerk.ch\/index.php\/wp-json\/wp\/v2\/pages\/88","targetHints":{"allow":["GET"]}}],"collection":[{"href":"https:\/\/senioren-netzwerk.ch\/index.php\/wp-json\/wp\/v2\/pages"}],"about":[{"href":"https:\/\/senioren-netzwerk.ch\/index.php\/wp-json\/wp\/v2\/types\/page"}],"author":[{"embeddable":true,"href":"https:\/\/senioren-netzwerk.ch\/index.php\/wp-json\/wp\/v2\/users\/1"}],"replies":[{"embeddable":true,"href":"https:\/\/senioren-netzwerk.ch\/index.php\/wp-json\/wp\/v2\/comments?post=88"}],"version-history":[{"count":40,"href":"https:\/\/senioren-netzwerk.ch\/index.php\/wp-json\/wp\/v2\/pages\/88\/revisions"}],"predecessor-version":[{"id":1338,"href":"https:\/\/senioren-netzwerk.ch\/index.php\/wp-json\/wp\/v2\/pages\/88\/revisions\/1338"}],"wp:attachment":[{"href":"https:\/\/senioren-netzwerk.ch\/index.php\/wp-json\/wp\/v2\/media?parent=88"}],"curies":[{"name":"wp","href":"https:\/\/api.w.org\/{rel}","templated":true}]}}