{"id":908,"date":"2025-05-10T17:45:20","date_gmt":"2025-05-10T15:45:20","guid":{"rendered":"https:\/\/senioren-netzwerk.ch\/?page_id=908"},"modified":"2025-05-10T17:45:20","modified_gmt":"2025-05-10T15:45:20","slug":"sicherheit","status":"publish","type":"page","link":"https:\/\/senioren-netzwerk.ch\/index.php\/sicherheit\/","title":{"rendered":"Sicherheit"},"content":{"rendered":"<div class=\"entry-content wp-block-post-content is-layout-constrained wp-block-post-content-is-layout-constrained\">\n<p>Die folgenden Themen sind oft eine ziemliche Herausforderung und bieten Gefahren. Wir \u2013 das Senioren NetzWERK Gersau \u2013 k\u00f6nnen Hilfe anbieten. Unten ein paar Links der Polizei.<strong><br \/>\n<\/strong><\/p>\n<p><strong><a href=\"https:\/\/www.sz.ch\/kantonspolizei\/praevention\/kriminalpraevention\/sicherheit-im-alter\/diebstahl.html\/8756-8758-8802-9496-9613-9744-9816-9823-11715\" target=\"_blank\" rel=\"noopener\">Diebstahl<\/a>\u00a0 <\/strong><\/p>\n<\/div>\n<p><a href=\"https:\/\/www.sz.ch\/kantonspolizei\/praevention\/kriminalpraevention\/sicherheit-im-alter\/einbruchdiebstahl.html\/8756-8758-8802-9496-9613-9744-9816-9823-11716\" target=\"_blank\" rel=\"noopener\"><strong>Einbruchdiebstahl<\/strong><\/a><\/p>\n<p><a href=\"https:\/\/www.sz.ch\/kantonspolizei\/praevention\/kriminalpraevention\/sicherheit-im-alter\/telefonbetrug.html\/8756-8758-8802-9496-9613-9744-9816-9823-13074\" target=\"_blank\" rel=\"noopener\"><strong>Telefonbetrug<\/strong><\/a><\/p>\n<p><strong><a href=\"https:\/\/www.sz.ch\/kantonspolizei\/praevention\/kriminalpraevention\/sicherheit-im-alter\/zahlungen-lieber-bargeldlos.html\/8756-8758-8802-9496-9613-9744-9816-9823-9826\" target=\"_blank\" rel=\"noopener\">Zahlungsverkehr<\/a><\/strong><\/p>\n<p><a href=\"https:\/\/www.sz.ch\/kantonspolizei\/praevention\/kriminalpraevention\/sicherheit-im-alter\/internetkriminalitaet.html\/8756-8758-8802-9496-9613-9744-9816-9823-9825\" target=\"_blank\" rel=\"noopener\"><strong>Internetkriminalit\u00e4t<\/strong><\/a><br \/>\nL &#8211; Links und Anh\u00e4nge von Unbekannten nie anklicken<br \/>\nI &#8211; Inhalte in E-Mails stets kritisch pr\u00fcfen<br \/>\nN &#8211; Neutrale Anrede in Nachricht macht stutzig<br \/>\nD &#8211; Dringlichkeit und Zeitdruck sind verd\u00e4chtig<br \/>\nA &#8211; Absender immer genau \u00fcberpr\u00fcfen<\/p>\n<div class=\"entry-content wp-block-post-content is-layout-constrained wp-block-post-content-is-layout-constrained\"><\/div>\n","protected":false},"excerpt":{"rendered":"<p>Die folgenden Themen sind oft eine ziemliche Herausforderung und bieten Gefahren. Wir \u2013 das Senioren NetzWERK Gersau \u2013 k\u00f6nnen Hilfe anbieten. Unten ein paar Links der Polizei. Diebstahl\u00a0 Einbruchdiebstahl Telefonbetrug Zahlungsverkehr Internetkriminalit\u00e4t L &#8211; Links und Anh\u00e4nge von Unbekannten nie anklicken I &#8211; Inhalte in E-Mails stets kritisch pr\u00fcfen N &#8211; Neutrale Anrede in Nachricht [&hellip;]<\/p>\n","protected":false},"author":1,"featured_media":906,"parent":0,"menu_order":0,"comment_status":"closed","ping_status":"closed","template":"page-no-separators","meta":{"_monsterinsights_skip_tracking":false,"_monsterinsights_sitenote_active":false,"_monsterinsights_sitenote_note":"","_monsterinsights_sitenote_category":0,"footnotes":""},"class_list":["post-908","page","type-page","status-publish","has-post-thumbnail","hentry"],"yoast_head":"<!-- This site is optimized with the Yoast SEO plugin v27.3 - https:\/\/yoast.com\/product\/yoast-seo-wordpress\/ -->\n<title>Sicherheit - Senioren NetzWERK<\/title>\n<meta name=\"description\" content=\"Betr\u00fcger und Diebe schlafen nicht und nutzen gerade die \u00abAltersnachsicht\u00bb aus, sei es als Taschendieb im Tram, als windiger Weinverk\u00e4ufer an der Haust\u00fcr, als Enkeltrickbetr\u00fcger oder sogar als Heiratschwindler im Internet.\" \/>\n<meta name=\"robots\" content=\"index, follow, max-snippet:-1, max-image-preview:large, max-video-preview:-1\" \/>\n<link rel=\"canonical\" href=\"https:\/\/senioren-netzwerk.ch\/index.php\/sicherheit\/\" \/>\n<meta property=\"og:locale\" content=\"de_DE\" \/>\n<meta property=\"og:type\" content=\"article\" \/>\n<meta property=\"og:title\" content=\"Sicherheit - Senioren NetzWERK\" \/>\n<meta property=\"og:description\" content=\"Betr\u00fcger und Diebe schlafen nicht und nutzen gerade die \u00abAltersnachsicht\u00bb aus, sei es als Taschendieb im Tram, als windiger Weinverk\u00e4ufer an der Haust\u00fcr, als Enkeltrickbetr\u00fcger oder sogar als Heiratschwindler im Internet.\" \/>\n<meta property=\"og:url\" content=\"https:\/\/senioren-netzwerk.ch\/index.php\/sicherheit\/\" \/>\n<meta property=\"og:site_name\" content=\"Senioren NetzWERK\" \/>\n<meta property=\"og:image\" content=\"https:\/\/senioren-netzwerk.ch\/wp-content\/uploads\/2025\/05\/Sicherheit-im-Alter-mit-Text.jpg\" \/>\n\t<meta property=\"og:image:width\" content=\"1307\" \/>\n\t<meta property=\"og:image:height\" content=\"260\" \/>\n\t<meta property=\"og:image:type\" content=\"image\/jpeg\" \/>\n<meta name=\"twitter:card\" content=\"summary_large_image\" \/>\n<meta name=\"twitter:label1\" content=\"Gesch\u00e4tzte Lesezeit\" \/>\n\t<meta name=\"twitter:data1\" content=\"1\u00a0Minute\" \/>\n<script type=\"application\/ld+json\" class=\"yoast-schema-graph\">{\"@context\":\"https:\\\/\\\/schema.org\",\"@graph\":[{\"@type\":\"WebPage\",\"@id\":\"https:\\\/\\\/senioren-netzwerk.ch\\\/index.php\\\/sicherheit\\\/\",\"url\":\"https:\\\/\\\/senioren-netzwerk.ch\\\/index.php\\\/sicherheit\\\/\",\"name\":\"Sicherheit - Senioren NetzWERK\",\"isPartOf\":{\"@id\":\"https:\\\/\\\/senioren-netzwerk.ch\\\/#website\"},\"primaryImageOfPage\":{\"@id\":\"https:\\\/\\\/senioren-netzwerk.ch\\\/index.php\\\/sicherheit\\\/#primaryimage\"},\"image\":{\"@id\":\"https:\\\/\\\/senioren-netzwerk.ch\\\/index.php\\\/sicherheit\\\/#primaryimage\"},\"thumbnailUrl\":\"https:\\\/\\\/senioren-netzwerk.ch\\\/wp-content\\\/uploads\\\/2025\\\/05\\\/Sicherheit-im-Alter-mit-Text.jpg\",\"datePublished\":\"2025-05-10T15:45:20+00:00\",\"description\":\"Betr\u00fcger und Diebe schlafen nicht und nutzen gerade die \u00abAltersnachsicht\u00bb aus, sei es als Taschendieb im Tram, als windiger Weinverk\u00e4ufer an der Haust\u00fcr, als Enkeltrickbetr\u00fcger oder sogar als Heiratschwindler im Internet.\",\"breadcrumb\":{\"@id\":\"https:\\\/\\\/senioren-netzwerk.ch\\\/index.php\\\/sicherheit\\\/#breadcrumb\"},\"inLanguage\":\"de\",\"potentialAction\":[{\"@type\":\"ReadAction\",\"target\":[\"https:\\\/\\\/senioren-netzwerk.ch\\\/index.php\\\/sicherheit\\\/\"]}]},{\"@type\":\"ImageObject\",\"inLanguage\":\"de\",\"@id\":\"https:\\\/\\\/senioren-netzwerk.ch\\\/index.php\\\/sicherheit\\\/#primaryimage\",\"url\":\"https:\\\/\\\/senioren-netzwerk.ch\\\/wp-content\\\/uploads\\\/2025\\\/05\\\/Sicherheit-im-Alter-mit-Text.jpg\",\"contentUrl\":\"https:\\\/\\\/senioren-netzwerk.ch\\\/wp-content\\\/uploads\\\/2025\\\/05\\\/Sicherheit-im-Alter-mit-Text.jpg\",\"width\":1307,\"height\":260,\"caption\":\"Senioren NetzWERK - Sicherheit im Alter\"},{\"@type\":\"BreadcrumbList\",\"@id\":\"https:\\\/\\\/senioren-netzwerk.ch\\\/index.php\\\/sicherheit\\\/#breadcrumb\",\"itemListElement\":[{\"@type\":\"ListItem\",\"position\":1,\"name\":\"Startseite\",\"item\":\"https:\\\/\\\/senioren-netzwerk.ch\\\/\"},{\"@type\":\"ListItem\",\"position\":2,\"name\":\"Sicherheit\"}]},{\"@type\":\"WebSite\",\"@id\":\"https:\\\/\\\/senioren-netzwerk.ch\\\/#website\",\"url\":\"https:\\\/\\\/senioren-netzwerk.ch\\\/\",\"name\":\"Senioren NetzWERK\",\"description\":\"\",\"publisher\":{\"@id\":\"https:\\\/\\\/senioren-netzwerk.ch\\\/#organization\"},\"potentialAction\":[{\"@type\":\"SearchAction\",\"target\":{\"@type\":\"EntryPoint\",\"urlTemplate\":\"https:\\\/\\\/senioren-netzwerk.ch\\\/?s={search_term_string}\"},\"query-input\":{\"@type\":\"PropertyValueSpecification\",\"valueRequired\":true,\"valueName\":\"search_term_string\"}}],\"inLanguage\":\"de\"},{\"@type\":\"Organization\",\"@id\":\"https:\\\/\\\/senioren-netzwerk.ch\\\/#organization\",\"name\":\"Senioren NetzWERK\",\"url\":\"https:\\\/\\\/senioren-netzwerk.ch\\\/\",\"logo\":{\"@type\":\"ImageObject\",\"inLanguage\":\"de\",\"@id\":\"https:\\\/\\\/senioren-netzwerk.ch\\\/#\\\/schema\\\/logo\\\/image\\\/\",\"url\":\"https:\\\/\\\/senioren-netzwerk.ch\\\/wp-content\\\/uploads\\\/2023\\\/10\\\/cropped-Senioren-NetzWERK-Gersau-Logo.jpg\",\"contentUrl\":\"https:\\\/\\\/senioren-netzwerk.ch\\\/wp-content\\\/uploads\\\/2023\\\/10\\\/cropped-Senioren-NetzWERK-Gersau-Logo.jpg\",\"width\":1292,\"height\":677,\"caption\":\"Senioren NetzWERK\"},\"image\":{\"@id\":\"https:\\\/\\\/senioren-netzwerk.ch\\\/#\\\/schema\\\/logo\\\/image\\\/\"}}]}<\/script>\n<!-- \/ Yoast SEO plugin. -->","yoast_head_json":{"title":"Sicherheit - Senioren NetzWERK","description":"Betr\u00fcger und Diebe schlafen nicht und nutzen gerade die \u00abAltersnachsicht\u00bb aus, sei es als Taschendieb im Tram, als windiger Weinverk\u00e4ufer an der Haust\u00fcr, als Enkeltrickbetr\u00fcger oder sogar als Heiratschwindler im Internet.","robots":{"index":"index","follow":"follow","max-snippet":"max-snippet:-1","max-image-preview":"max-image-preview:large","max-video-preview":"max-video-preview:-1"},"canonical":"https:\/\/senioren-netzwerk.ch\/index.php\/sicherheit\/","og_locale":"de_DE","og_type":"article","og_title":"Sicherheit - Senioren NetzWERK","og_description":"Betr\u00fcger und Diebe schlafen nicht und nutzen gerade die \u00abAltersnachsicht\u00bb aus, sei es als Taschendieb im Tram, als windiger Weinverk\u00e4ufer an der Haust\u00fcr, als Enkeltrickbetr\u00fcger oder sogar als Heiratschwindler im Internet.","og_url":"https:\/\/senioren-netzwerk.ch\/index.php\/sicherheit\/","og_site_name":"Senioren NetzWERK","og_image":[{"width":1307,"height":260,"url":"https:\/\/senioren-netzwerk.ch\/wp-content\/uploads\/2025\/05\/Sicherheit-im-Alter-mit-Text.jpg","type":"image\/jpeg"}],"twitter_card":"summary_large_image","twitter_misc":{"Gesch\u00e4tzte Lesezeit":"1\u00a0Minute"},"schema":{"@context":"https:\/\/schema.org","@graph":[{"@type":"WebPage","@id":"https:\/\/senioren-netzwerk.ch\/index.php\/sicherheit\/","url":"https:\/\/senioren-netzwerk.ch\/index.php\/sicherheit\/","name":"Sicherheit - Senioren NetzWERK","isPartOf":{"@id":"https:\/\/senioren-netzwerk.ch\/#website"},"primaryImageOfPage":{"@id":"https:\/\/senioren-netzwerk.ch\/index.php\/sicherheit\/#primaryimage"},"image":{"@id":"https:\/\/senioren-netzwerk.ch\/index.php\/sicherheit\/#primaryimage"},"thumbnailUrl":"https:\/\/senioren-netzwerk.ch\/wp-content\/uploads\/2025\/05\/Sicherheit-im-Alter-mit-Text.jpg","datePublished":"2025-05-10T15:45:20+00:00","description":"Betr\u00fcger und Diebe schlafen nicht und nutzen gerade die \u00abAltersnachsicht\u00bb aus, sei es als Taschendieb im Tram, als windiger Weinverk\u00e4ufer an der Haust\u00fcr, als Enkeltrickbetr\u00fcger oder sogar als Heiratschwindler im Internet.","breadcrumb":{"@id":"https:\/\/senioren-netzwerk.ch\/index.php\/sicherheit\/#breadcrumb"},"inLanguage":"de","potentialAction":[{"@type":"ReadAction","target":["https:\/\/senioren-netzwerk.ch\/index.php\/sicherheit\/"]}]},{"@type":"ImageObject","inLanguage":"de","@id":"https:\/\/senioren-netzwerk.ch\/index.php\/sicherheit\/#primaryimage","url":"https:\/\/senioren-netzwerk.ch\/wp-content\/uploads\/2025\/05\/Sicherheit-im-Alter-mit-Text.jpg","contentUrl":"https:\/\/senioren-netzwerk.ch\/wp-content\/uploads\/2025\/05\/Sicherheit-im-Alter-mit-Text.jpg","width":1307,"height":260,"caption":"Senioren NetzWERK - Sicherheit im Alter"},{"@type":"BreadcrumbList","@id":"https:\/\/senioren-netzwerk.ch\/index.php\/sicherheit\/#breadcrumb","itemListElement":[{"@type":"ListItem","position":1,"name":"Startseite","item":"https:\/\/senioren-netzwerk.ch\/"},{"@type":"ListItem","position":2,"name":"Sicherheit"}]},{"@type":"WebSite","@id":"https:\/\/senioren-netzwerk.ch\/#website","url":"https:\/\/senioren-netzwerk.ch\/","name":"Senioren NetzWERK","description":"","publisher":{"@id":"https:\/\/senioren-netzwerk.ch\/#organization"},"potentialAction":[{"@type":"SearchAction","target":{"@type":"EntryPoint","urlTemplate":"https:\/\/senioren-netzwerk.ch\/?s={search_term_string}"},"query-input":{"@type":"PropertyValueSpecification","valueRequired":true,"valueName":"search_term_string"}}],"inLanguage":"de"},{"@type":"Organization","@id":"https:\/\/senioren-netzwerk.ch\/#organization","name":"Senioren NetzWERK","url":"https:\/\/senioren-netzwerk.ch\/","logo":{"@type":"ImageObject","inLanguage":"de","@id":"https:\/\/senioren-netzwerk.ch\/#\/schema\/logo\/image\/","url":"https:\/\/senioren-netzwerk.ch\/wp-content\/uploads\/2023\/10\/cropped-Senioren-NetzWERK-Gersau-Logo.jpg","contentUrl":"https:\/\/senioren-netzwerk.ch\/wp-content\/uploads\/2023\/10\/cropped-Senioren-NetzWERK-Gersau-Logo.jpg","width":1292,"height":677,"caption":"Senioren NetzWERK"},"image":{"@id":"https:\/\/senioren-netzwerk.ch\/#\/schema\/logo\/image\/"}}]}},"jetpack_sharing_enabled":true,"_links":{"self":[{"href":"https:\/\/senioren-netzwerk.ch\/index.php\/wp-json\/wp\/v2\/pages\/908","targetHints":{"allow":["GET"]}}],"collection":[{"href":"https:\/\/senioren-netzwerk.ch\/index.php\/wp-json\/wp\/v2\/pages"}],"about":[{"href":"https:\/\/senioren-netzwerk.ch\/index.php\/wp-json\/wp\/v2\/types\/page"}],"author":[{"embeddable":true,"href":"https:\/\/senioren-netzwerk.ch\/index.php\/wp-json\/wp\/v2\/users\/1"}],"replies":[{"embeddable":true,"href":"https:\/\/senioren-netzwerk.ch\/index.php\/wp-json\/wp\/v2\/comments?post=908"}],"version-history":[{"count":2,"href":"https:\/\/senioren-netzwerk.ch\/index.php\/wp-json\/wp\/v2\/pages\/908\/revisions"}],"predecessor-version":[{"id":910,"href":"https:\/\/senioren-netzwerk.ch\/index.php\/wp-json\/wp\/v2\/pages\/908\/revisions\/910"}],"wp:featuredmedia":[{"embeddable":true,"href":"https:\/\/senioren-netzwerk.ch\/index.php\/wp-json\/wp\/v2\/media\/906"}],"wp:attachment":[{"href":"https:\/\/senioren-netzwerk.ch\/index.php\/wp-json\/wp\/v2\/media?parent=908"}],"curies":[{"name":"wp","href":"https:\/\/api.w.org\/{rel}","templated":true}]}}