{"id":972,"date":"2025-07-31T20:04:48","date_gmt":"2025-07-31T18:04:48","guid":{"rendered":"https:\/\/senioren-netzwerk.ch\/?page_id=972"},"modified":"2025-08-01T09:18:52","modified_gmt":"2025-08-01T07:18:52","slug":"finanzen-hilfe","status":"publish","type":"page","link":"https:\/\/senioren-netzwerk.ch\/index.php\/finanzen-hilfe\/","title":{"rendered":"Finanzen Hilfe"},"content":{"rendered":"<p>Die folgenden Themen sind oft eine ziemliche Herausforderung f\u00fcr uns Seniorinnen und Senioren. Wir &#8211; das Senioren NetzWERK Gersau &#8211; k\u00f6nnen Hilfe anbieten:<\/p>\n<p><strong>Finanzberatung<br \/>\n<\/strong><a href=\"https:\/\/sz.prosenectute.ch\/de\/beratung\/finanzen.html\" target=\"_blank\" rel=\"noopener\">Pro Senectute<\/a> | <a href=\"https:\/\/www.budgetberatung-schwyz.ch\/\" target=\"_blank\" rel=\"noopener\">Budgetberatung<\/a> | <a href=\"https:\/\/www.aksz.ch\/\" target=\"_blank\" rel=\"noopener\">Ausgleichskasse Schwyz<\/a><\/p>\n<p><strong>Vorsorge und Pensionsplanung &#8211; Banken<br \/>\n<\/strong><a href=\"https:\/\/www.szkb.ch\/private\/vorsorgen\/pensionsplanung\" target=\"_blank\" rel=\"noopener\">Schwyzer Kantonalbank<\/a> | <a href=\"https:\/\/www.sparkasse.ch\/pensionsplanung\" target=\"_blank\" rel=\"noopener\">Sparkasse Schwyz<\/a> | <a href=\"https:\/\/www.raiffeisen.ch\/rigi\/de\/privatkunden\/vorsorgen-absichern.html\" target=\"_blank\" rel=\"noopener\">Raiffeisen Rigi<\/a> | <a href=\"https:\/\/www.ubs.com\/ch\/de\/services\/pension\/wealth-planning\/retirement-planning.html?intCampID=P_NewHome_PrivClient_ConsultService_RetirementPlan-LINK\" target=\"_blank\" rel=\"noopener\">UBS<\/a> |<\/p>\n<p><strong>Finanz- und Pensionsplanung &#8211; Firmen<br \/>\n<\/strong><a href=\"https:\/\/www.finelles.com\/de\/unabhaengige-finanzplanung\" target=\"_blank\" rel=\"noopener\">FINELLES \u2013 Finanzplanung f\u00fcr Frauen \u00fcber 50<\/a><br \/>\n<a href=\"https:\/\/www.gryps.ch\/produkte\/pensionsplanung-208\/?utm_source=google&amp;utm_medium=cpc&amp;utm_campaign=07_Pensionsplanung_Search_DE&amp;utm_term=finanzplanung%20pensionierung_b&amp;gad_source=1&amp;gad_campaignid=11596767318&amp;gbraid=0AAAAADofXm3Q6UPMzSFYnhpL3XU0raNnK&amp;gclid=CjwKCAjwqKzEBhANEiwAeQaPVZEj69vZY9IjvX_Da5lmE6n0p6rDoOJFcGIUlnVewTkQeBxulx-fIBoCoWsQAvD_BwE\" target=\"_blank\" rel=\"noopener\">GRYPS \u2013 Pensionsplanung<\/a><\/p>\n<p><strong>Pers\u00f6nliche Beratung und Hilfe in Gersau<br \/>\n<\/strong>Wenn Sie bei diesen Themen unsicher sind oder Probleme haben, melden Sie sich bitte <strong><a href=\"https:\/\/senioren-netzwerk.ch\/index.php\/finanzen-hilfe-anmeldung\/\" target=\"_blank\" rel=\"noopener\">HIER<\/a><\/strong>. Wir werden mit Ihnen Kontakt aufnehmen, um zu diskutieren, wie Ihnen durch ein Mitglied des Senioren NetzWERKS geholfen werden kann. Ein Treffen kann dann gegebenenfalls mit Ihnen &#8211; auch zu Hause &#8211; organisiert werden.<\/p>\n<p><a href=\"https:\/\/senioren-netzwerk.ch\/index.php\/finanzen-hilfe-anmeldung\/\" target=\"_blank\" rel=\"noopener\"><strong>Anmelden f\u00fcr Hilfe<\/strong><\/a><\/p>\n","protected":false},"excerpt":{"rendered":"<p>Die folgenden Themen sind oft eine ziemliche Herausforderung f\u00fcr uns Seniorinnen und Senioren. Wir &#8211; das Senioren NetzWERK Gersau &#8211; k\u00f6nnen Hilfe anbieten: Finanzberatung Pro Senectute | Budgetberatung | Ausgleichskasse Schwyz Vorsorge und Pensionsplanung &#8211; Banken Schwyzer Kantonalbank | Sparkasse Schwyz | Raiffeisen Rigi | UBS | Finanz- und Pensionsplanung &#8211; Firmen FINELLES \u2013 Finanzplanung [&hellip;]<\/p>\n","protected":false},"author":1,"featured_media":971,"parent":0,"menu_order":0,"comment_status":"closed","ping_status":"closed","template":"page-no-separators","meta":{"_monsterinsights_skip_tracking":false,"_monsterinsights_sitenote_active":false,"_monsterinsights_sitenote_note":"","_monsterinsights_sitenote_category":0,"footnotes":""},"class_list":["post-972","page","type-page","status-publish","has-post-thumbnail","hentry"],"yoast_head":"<!-- This site is optimized with the Yoast SEO plugin v27.3 - https:\/\/yoast.com\/product\/yoast-seo-wordpress\/ -->\n<title>Finanzen Hilfe - Senioren NetzWERK<\/title>\n<meta name=\"description\" content=\"Entdecken Sie unsere Informatik-Hilfe von Senioren f\u00fcr Senioren. Erfahrene \u00e4ltere Menschen teilen ihr Wissen, um Ihnen den Einstieg in die digitale Welt zu erleichtern. Pers\u00f6nlich, geduldig und auf Augenh\u00f6he. Lernen Sie mit Gleichgesinnten.\" \/>\n<meta name=\"robots\" content=\"index, follow, max-snippet:-1, max-image-preview:large, max-video-preview:-1\" \/>\n<link rel=\"canonical\" href=\"https:\/\/senioren-netzwerk.ch\/index.php\/finanzen-hilfe\/\" \/>\n<meta property=\"og:locale\" content=\"de_DE\" \/>\n<meta property=\"og:type\" content=\"article\" \/>\n<meta property=\"og:title\" content=\"Finanzen Hilfe - Senioren NetzWERK\" \/>\n<meta property=\"og:description\" content=\"Entdecken Sie unsere Informatik-Hilfe von Senioren f\u00fcr Senioren. Erfahrene \u00e4ltere Menschen teilen ihr Wissen, um Ihnen den Einstieg in die digitale Welt zu erleichtern. Pers\u00f6nlich, geduldig und auf Augenh\u00f6he. Lernen Sie mit Gleichgesinnten.\" \/>\n<meta property=\"og:url\" content=\"https:\/\/senioren-netzwerk.ch\/index.php\/finanzen-hilfe\/\" \/>\n<meta property=\"og:site_name\" content=\"Senioren NetzWERK\" \/>\n<meta property=\"article:modified_time\" content=\"2025-08-01T07:18:52+00:00\" \/>\n<meta property=\"og:image\" content=\"https:\/\/senioren-netzwerk.ch\/wp-content\/uploads\/2025\/07\/Hilfe-Finanzen-1.jpg\" \/>\n\t<meta property=\"og:image:width\" content=\"1182\" \/>\n\t<meta property=\"og:image:height\" content=\"244\" \/>\n\t<meta property=\"og:image:type\" content=\"image\/jpeg\" \/>\n<meta name=\"twitter:card\" content=\"summary_large_image\" \/>\n<meta name=\"twitter:label1\" content=\"Gesch\u00e4tzte Lesezeit\" \/>\n\t<meta name=\"twitter:data1\" content=\"1\u00a0Minute\" \/>\n<script type=\"application\/ld+json\" class=\"yoast-schema-graph\">{\"@context\":\"https:\\\/\\\/schema.org\",\"@graph\":[{\"@type\":\"WebPage\",\"@id\":\"https:\\\/\\\/senioren-netzwerk.ch\\\/index.php\\\/finanzen-hilfe\\\/\",\"url\":\"https:\\\/\\\/senioren-netzwerk.ch\\\/index.php\\\/finanzen-hilfe\\\/\",\"name\":\"Finanzen Hilfe - Senioren NetzWERK\",\"isPartOf\":{\"@id\":\"https:\\\/\\\/senioren-netzwerk.ch\\\/#website\"},\"primaryImageOfPage\":{\"@id\":\"https:\\\/\\\/senioren-netzwerk.ch\\\/index.php\\\/finanzen-hilfe\\\/#primaryimage\"},\"image\":{\"@id\":\"https:\\\/\\\/senioren-netzwerk.ch\\\/index.php\\\/finanzen-hilfe\\\/#primaryimage\"},\"thumbnailUrl\":\"https:\\\/\\\/senioren-netzwerk.ch\\\/wp-content\\\/uploads\\\/2025\\\/07\\\/Hilfe-Finanzen-1.jpg\",\"datePublished\":\"2025-07-31T18:04:48+00:00\",\"dateModified\":\"2025-08-01T07:18:52+00:00\",\"description\":\"Entdecken Sie unsere Informatik-Hilfe von Senioren f\u00fcr Senioren. Erfahrene \u00e4ltere Menschen teilen ihr Wissen, um Ihnen den Einstieg in die digitale Welt zu erleichtern. Pers\u00f6nlich, geduldig und auf Augenh\u00f6he. Lernen Sie mit Gleichgesinnten.\",\"breadcrumb\":{\"@id\":\"https:\\\/\\\/senioren-netzwerk.ch\\\/index.php\\\/finanzen-hilfe\\\/#breadcrumb\"},\"inLanguage\":\"de\",\"potentialAction\":[{\"@type\":\"ReadAction\",\"target\":[\"https:\\\/\\\/senioren-netzwerk.ch\\\/index.php\\\/finanzen-hilfe\\\/\"]}]},{\"@type\":\"ImageObject\",\"inLanguage\":\"de\",\"@id\":\"https:\\\/\\\/senioren-netzwerk.ch\\\/index.php\\\/finanzen-hilfe\\\/#primaryimage\",\"url\":\"https:\\\/\\\/senioren-netzwerk.ch\\\/wp-content\\\/uploads\\\/2025\\\/07\\\/Hilfe-Finanzen-1.jpg\",\"contentUrl\":\"https:\\\/\\\/senioren-netzwerk.ch\\\/wp-content\\\/uploads\\\/2025\\\/07\\\/Hilfe-Finanzen-1.jpg\",\"width\":1182,\"height\":244,\"caption\":\"Hilfe Finanzen\"},{\"@type\":\"BreadcrumbList\",\"@id\":\"https:\\\/\\\/senioren-netzwerk.ch\\\/index.php\\\/finanzen-hilfe\\\/#breadcrumb\",\"itemListElement\":[{\"@type\":\"ListItem\",\"position\":1,\"name\":\"Startseite\",\"item\":\"https:\\\/\\\/senioren-netzwerk.ch\\\/\"},{\"@type\":\"ListItem\",\"position\":2,\"name\":\"Finanzen Hilfe\"}]},{\"@type\":\"WebSite\",\"@id\":\"https:\\\/\\\/senioren-netzwerk.ch\\\/#website\",\"url\":\"https:\\\/\\\/senioren-netzwerk.ch\\\/\",\"name\":\"Senioren NetzWERK\",\"description\":\"\",\"publisher\":{\"@id\":\"https:\\\/\\\/senioren-netzwerk.ch\\\/#organization\"},\"potentialAction\":[{\"@type\":\"SearchAction\",\"target\":{\"@type\":\"EntryPoint\",\"urlTemplate\":\"https:\\\/\\\/senioren-netzwerk.ch\\\/?s={search_term_string}\"},\"query-input\":{\"@type\":\"PropertyValueSpecification\",\"valueRequired\":true,\"valueName\":\"search_term_string\"}}],\"inLanguage\":\"de\"},{\"@type\":\"Organization\",\"@id\":\"https:\\\/\\\/senioren-netzwerk.ch\\\/#organization\",\"name\":\"Senioren NetzWERK\",\"url\":\"https:\\\/\\\/senioren-netzwerk.ch\\\/\",\"logo\":{\"@type\":\"ImageObject\",\"inLanguage\":\"de\",\"@id\":\"https:\\\/\\\/senioren-netzwerk.ch\\\/#\\\/schema\\\/logo\\\/image\\\/\",\"url\":\"https:\\\/\\\/senioren-netzwerk.ch\\\/wp-content\\\/uploads\\\/2023\\\/10\\\/cropped-Senioren-NetzWERK-Gersau-Logo.jpg\",\"contentUrl\":\"https:\\\/\\\/senioren-netzwerk.ch\\\/wp-content\\\/uploads\\\/2023\\\/10\\\/cropped-Senioren-NetzWERK-Gersau-Logo.jpg\",\"width\":1292,\"height\":677,\"caption\":\"Senioren NetzWERK\"},\"image\":{\"@id\":\"https:\\\/\\\/senioren-netzwerk.ch\\\/#\\\/schema\\\/logo\\\/image\\\/\"}}]}<\/script>\n<!-- \/ Yoast SEO plugin. -->","yoast_head_json":{"title":"Finanzen Hilfe - Senioren NetzWERK","description":"Entdecken Sie unsere Informatik-Hilfe von Senioren f\u00fcr Senioren. Erfahrene \u00e4ltere Menschen teilen ihr Wissen, um Ihnen den Einstieg in die digitale Welt zu erleichtern. Pers\u00f6nlich, geduldig und auf Augenh\u00f6he. Lernen Sie mit Gleichgesinnten.","robots":{"index":"index","follow":"follow","max-snippet":"max-snippet:-1","max-image-preview":"max-image-preview:large","max-video-preview":"max-video-preview:-1"},"canonical":"https:\/\/senioren-netzwerk.ch\/index.php\/finanzen-hilfe\/","og_locale":"de_DE","og_type":"article","og_title":"Finanzen Hilfe - Senioren NetzWERK","og_description":"Entdecken Sie unsere Informatik-Hilfe von Senioren f\u00fcr Senioren. Erfahrene \u00e4ltere Menschen teilen ihr Wissen, um Ihnen den Einstieg in die digitale Welt zu erleichtern. Pers\u00f6nlich, geduldig und auf Augenh\u00f6he. Lernen Sie mit Gleichgesinnten.","og_url":"https:\/\/senioren-netzwerk.ch\/index.php\/finanzen-hilfe\/","og_site_name":"Senioren NetzWERK","article_modified_time":"2025-08-01T07:18:52+00:00","og_image":[{"width":1182,"height":244,"url":"https:\/\/senioren-netzwerk.ch\/wp-content\/uploads\/2025\/07\/Hilfe-Finanzen-1.jpg","type":"image\/jpeg"}],"twitter_card":"summary_large_image","twitter_misc":{"Gesch\u00e4tzte Lesezeit":"1\u00a0Minute"},"schema":{"@context":"https:\/\/schema.org","@graph":[{"@type":"WebPage","@id":"https:\/\/senioren-netzwerk.ch\/index.php\/finanzen-hilfe\/","url":"https:\/\/senioren-netzwerk.ch\/index.php\/finanzen-hilfe\/","name":"Finanzen Hilfe - Senioren NetzWERK","isPartOf":{"@id":"https:\/\/senioren-netzwerk.ch\/#website"},"primaryImageOfPage":{"@id":"https:\/\/senioren-netzwerk.ch\/index.php\/finanzen-hilfe\/#primaryimage"},"image":{"@id":"https:\/\/senioren-netzwerk.ch\/index.php\/finanzen-hilfe\/#primaryimage"},"thumbnailUrl":"https:\/\/senioren-netzwerk.ch\/wp-content\/uploads\/2025\/07\/Hilfe-Finanzen-1.jpg","datePublished":"2025-07-31T18:04:48+00:00","dateModified":"2025-08-01T07:18:52+00:00","description":"Entdecken Sie unsere Informatik-Hilfe von Senioren f\u00fcr Senioren. Erfahrene \u00e4ltere Menschen teilen ihr Wissen, um Ihnen den Einstieg in die digitale Welt zu erleichtern. Pers\u00f6nlich, geduldig und auf Augenh\u00f6he. Lernen Sie mit Gleichgesinnten.","breadcrumb":{"@id":"https:\/\/senioren-netzwerk.ch\/index.php\/finanzen-hilfe\/#breadcrumb"},"inLanguage":"de","potentialAction":[{"@type":"ReadAction","target":["https:\/\/senioren-netzwerk.ch\/index.php\/finanzen-hilfe\/"]}]},{"@type":"ImageObject","inLanguage":"de","@id":"https:\/\/senioren-netzwerk.ch\/index.php\/finanzen-hilfe\/#primaryimage","url":"https:\/\/senioren-netzwerk.ch\/wp-content\/uploads\/2025\/07\/Hilfe-Finanzen-1.jpg","contentUrl":"https:\/\/senioren-netzwerk.ch\/wp-content\/uploads\/2025\/07\/Hilfe-Finanzen-1.jpg","width":1182,"height":244,"caption":"Hilfe Finanzen"},{"@type":"BreadcrumbList","@id":"https:\/\/senioren-netzwerk.ch\/index.php\/finanzen-hilfe\/#breadcrumb","itemListElement":[{"@type":"ListItem","position":1,"name":"Startseite","item":"https:\/\/senioren-netzwerk.ch\/"},{"@type":"ListItem","position":2,"name":"Finanzen Hilfe"}]},{"@type":"WebSite","@id":"https:\/\/senioren-netzwerk.ch\/#website","url":"https:\/\/senioren-netzwerk.ch\/","name":"Senioren NetzWERK","description":"","publisher":{"@id":"https:\/\/senioren-netzwerk.ch\/#organization"},"potentialAction":[{"@type":"SearchAction","target":{"@type":"EntryPoint","urlTemplate":"https:\/\/senioren-netzwerk.ch\/?s={search_term_string}"},"query-input":{"@type":"PropertyValueSpecification","valueRequired":true,"valueName":"search_term_string"}}],"inLanguage":"de"},{"@type":"Organization","@id":"https:\/\/senioren-netzwerk.ch\/#organization","name":"Senioren NetzWERK","url":"https:\/\/senioren-netzwerk.ch\/","logo":{"@type":"ImageObject","inLanguage":"de","@id":"https:\/\/senioren-netzwerk.ch\/#\/schema\/logo\/image\/","url":"https:\/\/senioren-netzwerk.ch\/wp-content\/uploads\/2023\/10\/cropped-Senioren-NetzWERK-Gersau-Logo.jpg","contentUrl":"https:\/\/senioren-netzwerk.ch\/wp-content\/uploads\/2023\/10\/cropped-Senioren-NetzWERK-Gersau-Logo.jpg","width":1292,"height":677,"caption":"Senioren NetzWERK"},"image":{"@id":"https:\/\/senioren-netzwerk.ch\/#\/schema\/logo\/image\/"}}]}},"jetpack_sharing_enabled":true,"_links":{"self":[{"href":"https:\/\/senioren-netzwerk.ch\/index.php\/wp-json\/wp\/v2\/pages\/972","targetHints":{"allow":["GET"]}}],"collection":[{"href":"https:\/\/senioren-netzwerk.ch\/index.php\/wp-json\/wp\/v2\/pages"}],"about":[{"href":"https:\/\/senioren-netzwerk.ch\/index.php\/wp-json\/wp\/v2\/types\/page"}],"author":[{"embeddable":true,"href":"https:\/\/senioren-netzwerk.ch\/index.php\/wp-json\/wp\/v2\/users\/1"}],"replies":[{"embeddable":true,"href":"https:\/\/senioren-netzwerk.ch\/index.php\/wp-json\/wp\/v2\/comments?post=972"}],"version-history":[{"count":3,"href":"https:\/\/senioren-netzwerk.ch\/index.php\/wp-json\/wp\/v2\/pages\/972\/revisions"}],"predecessor-version":[{"id":987,"href":"https:\/\/senioren-netzwerk.ch\/index.php\/wp-json\/wp\/v2\/pages\/972\/revisions\/987"}],"wp:featuredmedia":[{"embeddable":true,"href":"https:\/\/senioren-netzwerk.ch\/index.php\/wp-json\/wp\/v2\/media\/971"}],"wp:attachment":[{"href":"https:\/\/senioren-netzwerk.ch\/index.php\/wp-json\/wp\/v2\/media?parent=972"}],"curies":[{"name":"wp","href":"https:\/\/api.w.org\/{rel}","templated":true}]}}